{"id":735,"date":"2025-01-15T12:43:02","date_gmt":"2025-01-15T12:43:02","guid":{"rendered":"https:\/\/www.somtecnologia.com\/pro\/?page_id=735"},"modified":"2025-01-15T14:01:41","modified_gmt":"2025-01-15T14:01:41","slug":"recursos-de-red","status":"publish","type":"page","link":"https:\/\/www.somtecnologia.com\/pro\/discover_es\/recursos-de-red","title":{"rendered":"Recursos de red"},"content":{"rendered":"<p style=\"text-align: justify;\">Este es un enfoque seg\u00fan la utilidad, aunque intervienen programas que mantenemos y compartimos para hacer posible las cosas sin complicaci\u00f3n:<\/p>\n<h2 style=\"text-align: justify;\">Carpetas compartidas: En l\u00ednea<\/h2>\n<p style=\"text-align: justify;\"><img loading=\"lazy\" decoding=\"async\" class=\"alignright size-thumbnail wp-image-728\" src=\"https:\/\/www.somtecnologia.com\/pro\/wp-content\/uploads\/2025\/01\/flaticon-secure-folder-150x150.png\" alt=\"\" width=\"150\" height=\"150\" srcset=\"https:\/\/www.somtecnologia.com\/pro\/wp-content\/uploads\/2025\/01\/flaticon-secure-folder-150x150.png 150w, https:\/\/www.somtecnologia.com\/pro\/wp-content\/uploads\/2025\/01\/flaticon-secure-folder-300x300.png 300w, https:\/\/www.somtecnologia.com\/pro\/wp-content\/uploads\/2025\/01\/flaticon-secure-folder.png 512w\" sizes=\"auto, (max-width: 150px) 100vw, 150px\" \/>El ordenador se puede conectar a las carpetas de otro ordenador con comunicaci\u00f3n cifrada, y las usa como propias. Con <strong>aumonet<\/strong> las interrupciones no son un problema y restablecer\u00e1 las conexiones autom\u00e1ticamente. Un port\u00e1til puede alternar entre la conexi\u00f3n desde Internet y desde la misma red con la ayuda de <strong>dhlan<\/strong> o bien DHCP+DNS.<\/p>\n<h2 style=\"text-align: justify;\">Carpetas compartidas: En r\u00e9plica<\/h2>\n<p style=\"text-align: justify;\"><img loading=\"lazy\" decoding=\"async\" class=\"alignright size-thumbnail wp-image-730\" src=\"https:\/\/www.somtecnologia.com\/pro\/wp-content\/uploads\/2025\/01\/nextcloud-150x150.png\" alt=\"\" width=\"150\" height=\"150\" \/>El ordenador puede estar suscrito a carpetas de un servidor, de forma que tenga una copia completa, y cualquier cambio se sincroniza con el resto de usuarios. Es especialmente \u00fatil ante las dificultades de conexi\u00f3n a Internet o itinerancia. Con <strong>Nextcloud<\/strong> se mantiene la sincronizaci\u00f3n y permite a\u00f1adir herramientas privadas de teletrabajo v\u00eda web.<\/p>\n<h2>Correo, calendario y contactos compartidos<\/h2>\n<p style=\"text-align: justify;\"><img decoding=\"async\" class=\"alignright wp-image-731 size-medium\" src=\"https:\/\/www.somtecnologia.com\/pro\/wp-content\/uploads\/2025\/01\/webdav-300x231.png\" alt=\"\" width=\"150\" srcset=\"https:\/\/www.somtecnologia.com\/pro\/wp-content\/uploads\/2025\/01\/webdav-300x231.png 300w, https:\/\/www.somtecnologia.com\/pro\/wp-content\/uploads\/2025\/01\/webdav-768x590.png 768w, https:\/\/www.somtecnologia.com\/pro\/wp-content\/uploads\/2025\/01\/webdav.png 964w\" sizes=\"(max-width: 300px) 100vw, 300px\" \/>El software libre para el correo electr\u00f3nico, como por ejemplo M. Thunderbird, N. Evolution, K-9 Mail o Fairemail, es esencial para no dispersar los formatos de cada cuenta de correo y mantener una sola aplicaci\u00f3n para todas. El protocolo IMAP coordina el correo com\u00fan, el protocolo CalDAV coordina el calendario tambi\u00e9n visible desde distintos dispositivos, y el protocolo CardDAV coordina los contactos sin que se pierdan a causa de los dispositivos.<\/p>\n<h2 style=\"text-align: justify;\">Ubicaci\u00f3n simple de dispositivos<\/h2>\n<p style=\"text-align: justify;\"><img decoding=\"async\" class=\"alignright wp-image-696 size-full\" src=\"https:\/\/www.somtecnologia.com\/pro\/wp-content\/uploads\/2025\/01\/gesdonis.png\" alt=\"\" width=\"150\" \/>La combinaci\u00f3n de DHCP y DNS facilita la ubicaci\u00f3n en una red local con servidor, pero de forma m\u00e1s simple lo hace <strong>dhlan<\/strong>, que permite que cualquier ordenador tenga un dispositivo asociado a un nombre, no importa que este cambie de direcci\u00f3n IP o de red y sin servidor.<\/p>\n<h2 style=\"text-align: justify;\">Router por software<\/h2>\n<p style=\"text-align: justify;\"><img decoding=\"async\" class=\"alignright wp-image-732 size-full\" src=\"https:\/\/www.somtecnologia.com\/pro\/wp-content\/uploads\/2025\/01\/durruter.png\" alt=\"\" width=\"150\" \/>Los aparatos <em>router<\/em> tienen muchas funciones para configurar la red con una interfaz f\u00e1cil, pero tambi\u00e9n limitaciones en cuanto a los puertos. Se puede usar el ordenador con <strong>durruter<\/strong> para reemplazar sin l\u00edmites el encaminamiento de tr\u00e1fico y, en caso de cambiar el <em>router<\/em> del proveedor de Internet, no se pierde la configuraci\u00f3n. Facilidad de configuraci\u00f3n similar a la interfaz gr\u00e1fica.<\/p>\n<h2 style=\"text-align: justify;\">Direcciones IP est\u00e1ticas<\/h2>\n<p style=\"text-align: justify;\"><img loading=\"lazy\" decoding=\"async\" class=\"alignright size-thumbnail wp-image-733\" src=\"https:\/\/www.somtecnologia.com\/pro\/wp-content\/uploads\/2025\/01\/how-to-use-vpn-on-routers-featured-150x150.jpg\" alt=\"\" width=\"150\" height=\"150\" \/>Los proveedores de l\u00edneas de Internet han elevado mucho la tarifa para reservar una direcci\u00f3n IP p\u00fablica para la conexi\u00f3n de Internet, pero con <strong>gesvipen<\/strong> podemos adjudicar direcciones IP de centros de datos para uso exclusivo de entrada y salida, segmentando tambi\u00e9n el ancho de banda si se quieren separar varias direcciones IP en una sola conexi\u00f3n.<\/p>\n","protected":false},"excerpt":{"rendered":"<p>Este es un enfoque seg\u00fan la utilidad, aunque intervienen programas que mantenemos y compartimos para hacer posible las cosas sin complicaci\u00f3n: Carpetas compartidas: En l\u00ednea El ordenador se puede conectar a las carpetas de otro ordenador con comunicaci\u00f3n cifrada, y las usa como propias. Con aumonet las interrupciones no son un problema y restablecer\u00e1 las &hellip; <a href=\"https:\/\/www.somtecnologia.com\/pro\/discover_es\/recursos-de-red\" class=\"more-link\">Continue reading <span class=\"screen-reader-text\">Recursos de red<\/span> <span class=\"meta-nav\">&rarr;<\/span><\/a><\/p>\n","protected":false},"author":1,"featured_media":0,"parent":165,"menu_order":50,"comment_status":"closed","ping_status":"closed","template":"","meta":{"iawp_total_views":5,"footnotes":"","_links_to":"","_links_to_target":""},"class_list":["post-735","page","type-page","status-publish","hentry"],"_links":{"self":[{"href":"https:\/\/www.somtecnologia.com\/pro\/wp-json\/wp\/v2\/pages\/735","targetHints":{"allow":["GET"]}}],"collection":[{"href":"https:\/\/www.somtecnologia.com\/pro\/wp-json\/wp\/v2\/pages"}],"about":[{"href":"https:\/\/www.somtecnologia.com\/pro\/wp-json\/wp\/v2\/types\/page"}],"author":[{"embeddable":true,"href":"https:\/\/www.somtecnologia.com\/pro\/wp-json\/wp\/v2\/users\/1"}],"replies":[{"embeddable":true,"href":"https:\/\/www.somtecnologia.com\/pro\/wp-json\/wp\/v2\/comments?post=735"}],"version-history":[{"count":6,"href":"https:\/\/www.somtecnologia.com\/pro\/wp-json\/wp\/v2\/pages\/735\/revisions"}],"predecessor-version":[{"id":749,"href":"https:\/\/www.somtecnologia.com\/pro\/wp-json\/wp\/v2\/pages\/735\/revisions\/749"}],"up":[{"embeddable":true,"href":"https:\/\/www.somtecnologia.com\/pro\/wp-json\/wp\/v2\/pages\/165"}],"wp:attachment":[{"href":"https:\/\/www.somtecnologia.com\/pro\/wp-json\/wp\/v2\/media?parent=735"}],"curies":[{"name":"wp","href":"https:\/\/api.w.org\/{rel}","templated":true}]}}