{"id":726,"date":"2025-01-15T12:43:02","date_gmt":"2025-01-15T12:43:02","guid":{"rendered":"https:\/\/www.somtecnologia.com\/pro\/?page_id=726"},"modified":"2025-01-15T14:01:44","modified_gmt":"2025-01-15T14:01:44","slug":"recursos-de-xarxa","status":"publish","type":"page","link":"https:\/\/www.somtecnologia.com\/pro\/discover_ca\/recursos-de-xarxa","title":{"rendered":"Recursos de xarxa"},"content":{"rendered":"<p style=\"text-align: justify;\">Aquest \u00e9s un enfocament segons la utilitat, encara que intervenen programes que mantenim i compartim per a fer possible les coses sense complicaci\u00f3:<\/p>\n<h2 style=\"text-align: justify;\">Carpetes compartides: En l\u00ednia<\/h2>\n<p style=\"text-align: justify;\"><img loading=\"lazy\" decoding=\"async\" class=\"alignright size-thumbnail wp-image-728\" src=\"https:\/\/www.somtecnologia.com\/pro\/wp-content\/uploads\/2025\/01\/flaticon-secure-folder-150x150.png\" alt=\"\" width=\"150\" height=\"150\" srcset=\"https:\/\/www.somtecnologia.com\/pro\/wp-content\/uploads\/2025\/01\/flaticon-secure-folder-150x150.png 150w, https:\/\/www.somtecnologia.com\/pro\/wp-content\/uploads\/2025\/01\/flaticon-secure-folder-300x300.png 300w, https:\/\/www.somtecnologia.com\/pro\/wp-content\/uploads\/2025\/01\/flaticon-secure-folder.png 512w\" sizes=\"auto, (max-width: 150px) 100vw, 150px\" \/>L&#8217;ordinador es pot connectar a les carpetes d&#8217;un altre ordinador amb comunicaci\u00f3 xifrada, i les utilitza com a pr\u00f2pies. Amb <strong>aumonet<\/strong> les interrupcions no s\u00f3n un problema i restablir\u00e0 les connexions autom\u00e0ticament. Un port\u00e0til pot alternar entre la connexi\u00f3 des d&#8217;Internet i des de la mateixa xarxa amb l&#8217;ajuda de <strong>dhlan<\/strong> o b\u00e9 DHCP+DNS.<\/p>\n<h2 style=\"text-align: justify;\">Carpetes compartides: En r\u00e8plica<\/h2>\n<p style=\"text-align: justify;\"><img loading=\"lazy\" decoding=\"async\" class=\"alignright size-thumbnail wp-image-730\" src=\"https:\/\/www.somtecnologia.com\/pro\/wp-content\/uploads\/2025\/01\/nextcloud-150x150.png\" alt=\"\" width=\"150\" height=\"150\" \/>L&#8217;ordinador pot estar subscrit a carpetes d&#8217;un servidor, de manera qu\u00e8 en tingui una c\u00f2pia completa, i qualsevol canvi se sincronitza amb la resta d&#8217;usuaris. \u00c9s especialment \u00fatil davant les dificultats de connexi\u00f3 a Internet o itiner\u00e0ncia. Amb <strong>Nextcloud<\/strong> es mant\u00e9 la sincronitzaci\u00f3 i permet afegir eines privades de teletreball via web.<\/p>\n<h2>Correu, calendari i contactes compartits<\/h2>\n<p style=\"text-align: justify;\"><img decoding=\"async\" class=\"alignright wp-image-731 size-medium\" src=\"https:\/\/www.somtecnologia.com\/pro\/wp-content\/uploads\/2025\/01\/webdav-300x231.png\" alt=\"\" width=\"150\" srcset=\"https:\/\/www.somtecnologia.com\/pro\/wp-content\/uploads\/2025\/01\/webdav-300x231.png 300w, https:\/\/www.somtecnologia.com\/pro\/wp-content\/uploads\/2025\/01\/webdav-768x590.png 768w, https:\/\/www.somtecnologia.com\/pro\/wp-content\/uploads\/2025\/01\/webdav.png 964w\" sizes=\"(max-width: 300px) 100vw, 300px\" \/>El programari lliure per al correu electr\u00f2nic, com per exemple M. Thunderbird, N. Evolution, K-9 Mail o Fairemail,\u00a0 \u00e9s essencial per a no dispersar els formats de cada compte de correu i mantenir una sola aplicaci\u00f3 per a tots. El protocol IMAP coordina el correu com\u00fa, el protocol CalDAV coordina el calendari tamb\u00e9 visible des de diferents dispositius, i el protocol CardDAV coordina els contactes sense qu\u00e8 es perdin a causa dels diferents dispositius.<\/p>\n<h2 style=\"text-align: justify;\">Ubicaci\u00f3 simple de dispositius<\/h2>\n<p style=\"text-align: justify;\"><img decoding=\"async\" class=\"alignright wp-image-696 size-full\" src=\"https:\/\/www.somtecnologia.com\/pro\/wp-content\/uploads\/2025\/01\/gesdonis.png\" alt=\"\" width=\"150\" \/>La combinaci\u00f3 de DHCP i DNS facilita la ubicaci\u00f3 en una xarxa local amb servidor, per\u00f2 de forma m\u00e9s simple ho fa <strong>dhlan<\/strong>, qu\u00e8 permet qu\u00e8 qualsevol ordinador tingui un dispositiu associat a un nom, no importa qu\u00e8 aquest canvi\u00ef d&#8217;adre\u00e7a IP o de xarxa i sense servidor.<\/p>\n<h2 style=\"text-align: justify;\">Router per programari<\/h2>\n<p style=\"text-align: justify;\"><img decoding=\"async\" class=\"alignright wp-image-732 size-full\" src=\"https:\/\/www.somtecnologia.com\/pro\/wp-content\/uploads\/2025\/01\/durruter.png\" alt=\"\" width=\"150\" \/>Els aparells <em>router<\/em> tenen moltes funcions per a configurar la xarxa amb una interf\u00edcie f\u00e0cil, per\u00f2 tamb\u00e9 limitacions pel qu\u00e8 fa als ports. Es pot utilitzar l&#8217;ordinador amb <strong>durruter<\/strong> per a reempla\u00e7ar sense l\u00edmits l&#8217;encaminament de transit i, en cas de canviar el <em>router<\/em> del prove\u00efdor d&#8217;Internet, no es perd la configuraci\u00f3. Facilitat de configuraci\u00f3 similar a la interf\u00edcie gr\u00e0fica.<\/p>\n<h2 style=\"text-align: justify;\">Adreces IP est\u00e0tiques<\/h2>\n<p style=\"text-align: justify;\"><img loading=\"lazy\" decoding=\"async\" class=\"alignright size-thumbnail wp-image-733\" src=\"https:\/\/www.somtecnologia.com\/pro\/wp-content\/uploads\/2025\/01\/how-to-use-vpn-on-routers-featured-150x150.jpg\" alt=\"\" width=\"150\" height=\"150\" \/>Els prove\u00efdors de l\u00ednies d&#8217;Internet han elevat molt la tarifa per a reservar una adre\u00e7a IP p\u00fablica per a la connexi\u00f3 d&#8217;Internet, per\u00f2 amb <strong>gesvipen<\/strong> podem adjudicar adreces IP de centres de dades per a us exclusiu d&#8217;entrada i sortida, segmentant tamb\u00e9 l&#8217;ample de banda si es vol separar v\u00e0ries adreces IP en una sola connexi\u00f3.<\/p>\n","protected":false},"excerpt":{"rendered":"<p>Aquest \u00e9s un enfocament segons la utilitat, encara que intervenen programes que mantenim i compartim per a fer possible les coses sense complicaci\u00f3: Carpetes compartides: En l\u00ednia L&#8217;ordinador es pot connectar a les carpetes d&#8217;un altre ordinador amb comunicaci\u00f3 xifrada, i les utilitza com a pr\u00f2pies. Amb aumonet les interrupcions no s\u00f3n un problema i &hellip; <a href=\"https:\/\/www.somtecnologia.com\/pro\/discover_ca\/recursos-de-xarxa\" class=\"more-link\">Continue reading <span class=\"screen-reader-text\">Recursos de xarxa<\/span> <span class=\"meta-nav\">&rarr;<\/span><\/a><\/p>\n","protected":false},"author":1,"featured_media":0,"parent":163,"menu_order":50,"comment_status":"closed","ping_status":"closed","template":"","meta":{"iawp_total_views":1,"footnotes":"","_links_to":"","_links_to_target":""},"class_list":["post-726","page","type-page","status-publish","hentry"],"_links":{"self":[{"href":"https:\/\/www.somtecnologia.com\/pro\/wp-json\/wp\/v2\/pages\/726","targetHints":{"allow":["GET"]}}],"collection":[{"href":"https:\/\/www.somtecnologia.com\/pro\/wp-json\/wp\/v2\/pages"}],"about":[{"href":"https:\/\/www.somtecnologia.com\/pro\/wp-json\/wp\/v2\/types\/page"}],"author":[{"embeddable":true,"href":"https:\/\/www.somtecnologia.com\/pro\/wp-json\/wp\/v2\/users\/1"}],"replies":[{"embeddable":true,"href":"https:\/\/www.somtecnologia.com\/pro\/wp-json\/wp\/v2\/comments?post=726"}],"version-history":[{"count":8,"href":"https:\/\/www.somtecnologia.com\/pro\/wp-json\/wp\/v2\/pages\/726\/revisions"}],"predecessor-version":[{"id":750,"href":"https:\/\/www.somtecnologia.com\/pro\/wp-json\/wp\/v2\/pages\/726\/revisions\/750"}],"up":[{"embeddable":true,"href":"https:\/\/www.somtecnologia.com\/pro\/wp-json\/wp\/v2\/pages\/163"}],"wp:attachment":[{"href":"https:\/\/www.somtecnologia.com\/pro\/wp-json\/wp\/v2\/media?parent=726"}],"curies":[{"name":"wp","href":"https:\/\/api.w.org\/{rel}","templated":true}]}}