{"id":707,"date":"2025-01-06T17:49:31","date_gmt":"2025-01-06T17:49:31","guid":{"rendered":"https:\/\/www.somtecnologia.com\/pro\/?page_id=707"},"modified":"2025-01-06T19:04:08","modified_gmt":"2025-01-06T19:04:08","slug":"utilidades-de-administracion","status":"publish","type":"page","link":"https:\/\/www.somtecnologia.com\/pro\/discover_es\/utilidades-de-administracion","title":{"rendered":"Utilidades de administraci\u00f3n"},"content":{"rendered":"<p style=\"text-align: justify;\">Tal como administramos servidores y damos servicio t\u00e9cnico, mantenemos y compartimos asistentes de intervenci\u00f3n y de gesti\u00f3n de servicios comunes, para hacer m\u00e1s sencillas las tareas v\u00eda l\u00ednea de comandos (CLI). Aqu\u00ed algunos ejemplos.<\/p>\n<h2 style=\"text-align: justify;\">admidb<\/h2>\n<p style=\"text-align: justify;\"><img loading=\"lazy\" decoding=\"async\" class=\"alignright size-thumbnail wp-image-694\" src=\"https:\/\/www.somtecnologia.com\/pro\/wp-content\/uploads\/2025\/01\/admidb-150x150.png\" alt=\"\" width=\"150\" height=\"150\" \/>Asistente para administrar bases de datos en el mismo servidor MySQL\/MariaDB: Revisar\/reparar, crear\/eliminar, explorar estructuras y datos, crear permisos, exportar\/importar, etc.<\/p>\n<h2 style=\"text-align: justify;\">gesdonis<\/h2>\n<p style=\"text-align: justify;\"><img loading=\"lazy\" decoding=\"async\" class=\"alignright size-thumbnail wp-image-696\" src=\"https:\/\/www.somtecnologia.com\/pro\/wp-content\/uploads\/2025\/01\/gesdonis-150x150.png\" alt=\"\" width=\"150\" height=\"150\" \/>Asistente para administrar zonas DNS en el mismo servidor BIND9: Crear\/eliminar, modificar hojas en texto plano, PTR (RDNS), diferentes vistas, etc.<\/p>\n<h2 style=\"text-align: justify;\">mutda<\/h2>\n<p style=\"text-align: justify;\"><img loading=\"lazy\" decoding=\"async\" class=\"alignright size-thumbnail wp-image-698\" src=\"https:\/\/www.somtecnologia.com\/pro\/wp-content\/uploads\/2025\/01\/mutda-150x150.png\" alt=\"\" width=\"150\" height=\"150\" \/>Asistente para administrar cuentas de correo electr\u00f3nico en el mismo servidor Postfix+Dovecot: Exportar\/importar, buzones, accesos separados, alias, etc.<\/p>\n<p style=\"text-align: justify;\">Tambi\u00e9n prev\u00e9 gestionar la cola de correo de EXIM y las listas de Mailman2: Crear\/eliminar, exportar\/importar.<\/p>\n<h2 style=\"text-align: justify;\">peinddd<\/h2>\n<p style=\"text-align: justify;\"><img loading=\"lazy\" decoding=\"async\" class=\"alignright size-thumbnail wp-image-699\" src=\"https:\/\/www.somtecnologia.com\/pro\/wp-content\/uploads\/2025\/01\/peinddd418-150x150.png\" alt=\"\" width=\"150\" height=\"150\" \/>Asistente pensado para aplicar un perfil global de instalaci\u00f3n, compuesto de peque\u00f1os perfiles de instalaci\u00f3n para cada aplicaci\u00f3n. Cada tarea concreta (perfil) tiene los paquetes a ser instalados y las acciones a emprender, y en un nivel superior, componga la lista de tareas a realizar en todo el proceso.<\/p>\n<p style=\"text-align: justify;\">Es ideal para instalaciones masivas en distintos equipos que se ponen a punto parta producci\u00f3n.<\/p>\n<h2 style=\"text-align: justify;\">profsito<\/h2>\n<p style=\"text-align: justify;\"><img loading=\"lazy\" decoding=\"async\" class=\"alignright size-thumbnail wp-image-700\" src=\"https:\/\/www.somtecnologia.com\/pro\/wp-content\/uploads\/2025\/01\/profsito-150x150.png\" alt=\"\" width=\"150\" height=\"150\" \/>Asistente de administraci\u00f3n de sitios web en el mismo servidor Apache2 y con plantillas: Sitios web tradicionales, portales intermedios (proxy), alias, redirecciones, llamada de obtenci\u00f3n de certificado TLS\/HTTPS, exportaci\u00f3n.<\/p>\n<p style=\"text-align: justify;\">El mismo proyecto est\u00e1 acompa\u00f1ado de asistentes para WordPress, Mediawiki, phpBB y la herramienta ipbackend-update para actualizar ficheros con una IP din\u00e1mica.<\/p>\n<h2 style=\"text-align: justify;\">remcage<\/h2>\n<p style=\"text-align: justify;\">G<img loading=\"lazy\" decoding=\"async\" class=\"alignright size-thumbnail wp-image-702\" src=\"https:\/\/www.somtecnologia.com\/pro\/wp-content\/uploads\/2025\/01\/remcage-150x150.png\" alt=\"\" width=\"150\" height=\"150\" \/>estor simple de cuentas para establecer que accedan v\u00eda SFTP a directorios enjaulados (como chroot para SSH). \u00datil para servidores de ficheros y servidores web p\u00fablicos. Puede extender la compartici\u00f3n de directorios por todas las redes sin SMB\/CIFS, y echar fuera al protocolo FTP inseguro de los servidores web.<\/p>\n<h2 style=\"text-align: justify;\">SeSeLe<\/h2>\n<p style=\"text-align: justify;\"><img loading=\"lazy\" decoding=\"async\" class=\"alignright size-thumbnail wp-image-704\" src=\"https:\/\/www.somtecnologia.com\/pro\/wp-content\/uploads\/2025\/01\/sesele-150x150.png\" alt=\"\" width=\"150\" height=\"150\" \/>Asistente en l\u00ednia de comandos para crear y gestionar certificados X.509 y Autoridad de Certificaci\u00f3n autofirmados, \u00fatil para servicios comunes con seguridad TLS como HTTPs, IMAPs, POP3s, SMTPs, etc. La \u00fanica cosa que deber\u00e1 recordar son las contrase\u00f1as.<\/p>\n<p style=\"text-align: justify;\">A\u00f1ade funcionalidad para obtener, mantener y distribuir certificados Let&#8217;s Encrypt.<\/p>\n<h2 style=\"text-align: justify;\">initupdowncmd<\/h2>\n<p style=\"text-align: justify;\">Simple servicio para que se ejecuten comandos con el inicio del sistema, y tambi\u00e9n se ejecuten comandos con el apagado del sistema. Pensado para no complicarse con el funcionamiento de SystemV, Systemd, Upstart, etc.<\/p>\n<h2 style=\"text-align: justify;\">eventoj<\/h2>\n<p style=\"text-align: justify;\"><img loading=\"lazy\" decoding=\"async\" class=\"alignright size-thumbnail wp-image-705\" src=\"https:\/\/www.somtecnologia.com\/pro\/wp-content\/uploads\/2025\/01\/testisto2-150x150.png\" alt=\"\" width=\"150\" height=\"150\" srcset=\"https:\/\/www.somtecnologia.com\/pro\/wp-content\/uploads\/2025\/01\/testisto2-150x150.png 150w, https:\/\/www.somtecnologia.com\/pro\/wp-content\/uploads\/2025\/01\/testisto2-300x300.png 300w, https:\/\/www.somtecnologia.com\/pro\/wp-content\/uploads\/2025\/01\/testisto2.png 318w\" sizes=\"auto, (max-width: 150px) 100vw, 150px\" \/>Testisto es un servicio modular que hace rotaci\u00f3n de comprobaciones y sus acciones para tener informaci\u00f3n de disponibilidad y hacer algo cuando se encuentra un fallo- Por ejemplo, un m\u00f3dulo puede ser un comprobador de disponibilidad IMAP, y en caso de fallo notificar por correo-e o enviar un comando de reinicio.<\/p>\n<h2 style=\"text-align: justify;\">wolutils<\/h2>\n<p style=\"text-align: justify;\">3 Utilidades\/servicios: <strong>wakefromlan<\/strong> para autoconfigurar los dispositivos de red y que el equipo se despierte con la se\u00f1al remota (WoL), <strong>wakeonboot<\/strong> para despertar equipos remotos con el inicio de sistema, <strong>wakeend<\/strong> para apagar el propio sistema cuando un remoto se apaga.<\/p>\n<h2 style=\"text-align: justify;\">vinca<\/h2>\n<p style=\"text-align: justify;\"><img loading=\"lazy\" decoding=\"async\" class=\"alignright size-thumbnail wp-image-670\" src=\"https:\/\/www.somtecnologia.com\/pro\/wp-content\/uploads\/2025\/01\/preferences-desktop-remote-desktop-150x150.png\" alt=\"\" width=\"150\" height=\"150\" \/>Puede publicar la utilidad a ser descargada y ejecutada por las personas a quienes quiere asistir (o sus clientes). Vinca se ocupar\u00e1 de buscar e instalar los requisitos VNC para lanzar inmediatamente una conexi\u00f3n a su IP o nombre p\u00fablico.<\/p>\n","protected":false},"excerpt":{"rendered":"<p>Tal como administramos servidores y damos servicio t\u00e9cnico, mantenemos y compartimos asistentes de intervenci\u00f3n y de gesti\u00f3n de servicios comunes, para hacer m\u00e1s sencillas las tareas v\u00eda l\u00ednea de comandos (CLI). Aqu\u00ed algunos ejemplos. admidb Asistente para administrar bases de datos en el mismo servidor MySQL\/MariaDB: Revisar\/reparar, crear\/eliminar, explorar estructuras y datos, crear permisos, exportar\/importar, &hellip; <a href=\"https:\/\/www.somtecnologia.com\/pro\/discover_es\/utilidades-de-administracion\" class=\"more-link\">Continue reading <span class=\"screen-reader-text\">Utilidades de administraci\u00f3n<\/span> <span class=\"meta-nav\">&rarr;<\/span><\/a><\/p>\n","protected":false},"author":1,"featured_media":0,"parent":165,"menu_order":40,"comment_status":"closed","ping_status":"closed","template":"","meta":{"iawp_total_views":1,"footnotes":"","_links_to":"","_links_to_target":""},"class_list":["post-707","page","type-page","status-publish","hentry"],"_links":{"self":[{"href":"https:\/\/www.somtecnologia.com\/pro\/wp-json\/wp\/v2\/pages\/707","targetHints":{"allow":["GET"]}}],"collection":[{"href":"https:\/\/www.somtecnologia.com\/pro\/wp-json\/wp\/v2\/pages"}],"about":[{"href":"https:\/\/www.somtecnologia.com\/pro\/wp-json\/wp\/v2\/types\/page"}],"author":[{"embeddable":true,"href":"https:\/\/www.somtecnologia.com\/pro\/wp-json\/wp\/v2\/users\/1"}],"replies":[{"embeddable":true,"href":"https:\/\/www.somtecnologia.com\/pro\/wp-json\/wp\/v2\/comments?post=707"}],"version-history":[{"count":7,"href":"https:\/\/www.somtecnologia.com\/pro\/wp-json\/wp\/v2\/pages\/707\/revisions"}],"predecessor-version":[{"id":724,"href":"https:\/\/www.somtecnologia.com\/pro\/wp-json\/wp\/v2\/pages\/707\/revisions\/724"}],"up":[{"embeddable":true,"href":"https:\/\/www.somtecnologia.com\/pro\/wp-json\/wp\/v2\/pages\/165"}],"wp:attachment":[{"href":"https:\/\/www.somtecnologia.com\/pro\/wp-json\/wp\/v2\/media?parent=707"}],"curies":[{"name":"wp","href":"https:\/\/api.w.org\/{rel}","templated":true}]}}