{"id":666,"date":"2025-01-05T18:35:42","date_gmt":"2025-01-05T18:35:42","guid":{"rendered":"https:\/\/www.somtecnologia.com\/pro\/?page_id=666"},"modified":"2025-01-05T18:43:58","modified_gmt":"2025-01-05T18:43:58","slug":"facilitats-dentorn-dusuari","status":"publish","type":"page","link":"https:\/\/www.somtecnologia.com\/pro\/discover_ca\/facilitats-dentorn-dusuari","title":{"rendered":"Facilitats d\u2019entorn d\u2019usuari"},"content":{"rendered":"<p style=\"text-align: justify;\">Configurem escriptoris per a facilitar la transici\u00f3 d&#8217;usuaris al programari lliure, i integrem utilitats per a no dependre de m\u00e9s afegits ni interfer\u00e8ncies de marques registrades. Aqu\u00ed uns pocs exemples.<\/p>\n<h2 style=\"text-align: justify;\">refafit<\/h2>\n<p style=\"text-align: justify;\"><img loading=\"lazy\" decoding=\"async\" class=\"alignright size-thumbnail wp-image-667\" src=\"https:\/\/www.somtecnologia.com\/pro\/wp-content\/uploads\/2025\/01\/refafit-150x150.png\" alt=\"\" width=\"150\" height=\"150\" \/><\/p>\n<p style=\"text-align: justify;\">Redueix fitxers PDF recomprimint les seves imatges, contrasta i remostreja documents digitalitzats, extreu text planer, uneix i desglossa fitxers. \u00datil tant en entorns d\u2019escriptori com de servidor. La interf\u00edcie gr\u00e0fica \u00e9s una opci\u00f3 de men\u00fa contextual per refer el fitxer seleccionat.<\/p>\n<h2 style=\"text-align: justify;\">ribildor<\/h2>\n<p style=\"text-align: justify;\"><img loading=\"lazy\" decoding=\"async\" class=\"alignright size-thumbnail wp-image-668\" src=\"https:\/\/www.somtecnologia.com\/pro\/wp-content\/uploads\/2025\/01\/ribildor-150x150.png\" alt=\"\" width=\"150\" height=\"150\" \/>Recompressor de fitxers audiovisuals, b\u00e9 sigui per a compatibilitzar-los amb un televisor amb USB, com per a reduir el seu pes fins a l&#8217;extrem i facilitar l&#8217;enviament o publicaci\u00f3 aut\u00f2noma.<\/p>\n<h2 style=\"text-align: justify;\">lsmedia<\/h2>\n<p style=\"text-align: justify;\"><img loading=\"lazy\" decoding=\"async\" class=\"alignright size-thumbnail wp-image-669\" src=\"https:\/\/www.somtecnologia.com\/pro\/wp-content\/uploads\/2025\/01\/lsmedia-150x150.png\" alt=\"\" width=\"150\" height=\"150\" \/>Versi\u00f3 multim\u00e8dia de la instrucci\u00f3 \u00abls\u00bb (dir) per a llistar els fitxers per les seves propietats audiovisuals (resoluci\u00f3, durada, pistes&#8230;)<\/p>\n<h2 style=\"text-align: justify;\">vinca<\/h2>\n<p style=\"text-align: justify;\"><img loading=\"lazy\" decoding=\"async\" class=\"alignright size-thumbnail wp-image-670\" src=\"https:\/\/www.somtecnologia.com\/pro\/wp-content\/uploads\/2025\/01\/preferences-desktop-remote-desktop-150x150.png\" alt=\"\" width=\"150\" height=\"150\" \/>Podeu publicar la utilitat a ser descarregada i executada per les persones a qui voleu assistir (o els vostres clients). Vinca s\u2019ocupar\u00e0 de cercar i instal\u00b7lar els requeriments VNC per llan\u00e7ar immediatament una connexi\u00f3 a la vostra IP o nom p\u00fablic.<\/p>\n<h2 style=\"text-align: justify;\">odt-mailing<\/h2>\n<p style=\"text-align: justify;\">Utilitzeu qualsevol fitxer en format OpenDocument com a plantilla amb unes dades clau per a emplenar. A partir d&#8217;aquest i un fitxer de text planer com a taula de dades, l&#8217;eina composa tots els documents resultants; t\u00edpic per a fer carteig, per\u00f2 sense necessitat d&#8217;enregistrar ni localitzar base de dades.<\/p>\n<h2 style=\"text-align: justify;\">dobok<\/h2>\n<p style=\"text-align: justify;\">Compositor de llibre per a una impressora normal: A partir d&#8217;un document PDF uniforme, recomposa les p\u00e0gines per a cada costat de lectura, per a qu\u00e8 despr\u00e9s d&#8217;imprimir nom\u00e9s calgui grapar el plec per la meitat.<\/p>\n<h2 style=\"text-align: justify;\">prousdata<\/h2>\n<p style=\"text-align: justify;\">Restaura fitxers i carpetes per a la seg\u00fcent sessi\u00f3 d&#8217;usuari. Ideal per a protegir un escriptori personalitzat de qualsevol canvi de l&#8217;usuari, que pot ser un convidat.<\/p>\n","protected":false},"excerpt":{"rendered":"<p>Configurem escriptoris per a facilitar la transici\u00f3 d&#8217;usuaris al programari lliure, i integrem utilitats per a no dependre de m\u00e9s afegits ni interfer\u00e8ncies de marques registrades. Aqu\u00ed uns pocs exemples. refafit Redueix fitxers PDF recomprimint les seves imatges, contrasta i remostreja documents digitalitzats, extreu text planer, uneix i desglossa fitxers. \u00datil tant en entorns d\u2019escriptori &hellip; <a href=\"https:\/\/www.somtecnologia.com\/pro\/discover_ca\/facilitats-dentorn-dusuari\" class=\"more-link\">Continue reading <span class=\"screen-reader-text\">Facilitats d\u2019entorn d\u2019usuari<\/span> <span class=\"meta-nav\">&rarr;<\/span><\/a><\/p>\n","protected":false},"author":1,"featured_media":0,"parent":163,"menu_order":30,"comment_status":"closed","ping_status":"closed","template":"","meta":{"iawp_total_views":0,"footnotes":"","_links_to":"","_links_to_target":""},"class_list":["post-666","page","type-page","status-publish","hentry"],"_links":{"self":[{"href":"https:\/\/www.somtecnologia.com\/pro\/wp-json\/wp\/v2\/pages\/666","targetHints":{"allow":["GET"]}}],"collection":[{"href":"https:\/\/www.somtecnologia.com\/pro\/wp-json\/wp\/v2\/pages"}],"about":[{"href":"https:\/\/www.somtecnologia.com\/pro\/wp-json\/wp\/v2\/types\/page"}],"author":[{"embeddable":true,"href":"https:\/\/www.somtecnologia.com\/pro\/wp-json\/wp\/v2\/users\/1"}],"replies":[{"embeddable":true,"href":"https:\/\/www.somtecnologia.com\/pro\/wp-json\/wp\/v2\/comments?post=666"}],"version-history":[{"count":5,"href":"https:\/\/www.somtecnologia.com\/pro\/wp-json\/wp\/v2\/pages\/666\/revisions"}],"predecessor-version":[{"id":681,"href":"https:\/\/www.somtecnologia.com\/pro\/wp-json\/wp\/v2\/pages\/666\/revisions\/681"}],"up":[{"embeddable":true,"href":"https:\/\/www.somtecnologia.com\/pro\/wp-json\/wp\/v2\/pages\/163"}],"wp:attachment":[{"href":"https:\/\/www.somtecnologia.com\/pro\/wp-json\/wp\/v2\/media?parent=666"}],"curies":[{"name":"wp","href":"https:\/\/api.w.org\/{rel}","templated":true}]}}