{"id":638,"date":"2025-01-02T17:23:52","date_gmt":"2025-01-02T17:23:52","guid":{"rendered":"https:\/\/www.somtecnologia.com\/pro\/?page_id=638"},"modified":"2025-01-05T18:01:04","modified_gmt":"2025-01-05T18:01:04","slug":"virtualizacion","status":"publish","type":"page","link":"https:\/\/www.somtecnologia.com\/pro\/discover_es\/virtualizacion","title":{"rendered":"Virtualizaci\u00f3n"},"content":{"rendered":"<p style=\"text-align: justify;\">Hay todo tipo de niveles de virtualizaci\u00f3n; desde una carpeta que enjaula a un programa como si fuera la ra\u00edz de todo, hasta una asignaci\u00f3n de procesador, memoria y dispositivos para proporcionar todos los recursos de un ordenador real en forma de aplicaci\u00f3n.<\/p>\n<p><img loading=\"lazy\" decoding=\"async\" class=\"aligncenter size-medium wp-image-660\" src=\"https:\/\/www.somtecnologia.com\/pro\/wp-content\/uploads\/2025\/01\/vm2-300x276.png\" alt=\"\" width=\"300\" height=\"276\" srcset=\"https:\/\/www.somtecnologia.com\/pro\/wp-content\/uploads\/2025\/01\/vm2-300x276.png 300w, https:\/\/www.somtecnologia.com\/pro\/wp-content\/uploads\/2025\/01\/vm2.png 558w\" sizes=\"auto, (max-width: 300px) 100vw, 300px\" \/><\/p>\n<p style=\"text-align: justify;\">Nosotres usamos la virtualizaci\u00f3n \u00abcompleta\u00bb principalmente en tres escenarios:<\/p>\n<ul style=\"text-align: justify;\">\n<li>El aislamiento de software privativo, como por ejemplo versiones antiguas de Windows o programas en los que no se puede confiar.<\/li>\n<li>La separaci\u00f3n de la m\u00e1quina real de todo el software, para hacer m\u00e1s f\u00e1cil las futuras migraciones de sistemas entre m\u00e1quinas f\u00edsicas.<\/li>\n<li>El ensayo de programas o caracter\u00edsticas en un entorno preinstalado que se restablece cada vez que lo arrancamos.<\/li>\n<\/ul>\n<p style=\"text-align: justify;\">Y solemos usar \u00abcontenedores\u00bb cuando compartimos recursos disponibles al completo (RAM, disco, procesador), dedicando la separaci\u00f3n de contenedores a una separaci\u00f3n de servicios, es decir, un contenedor por servicio en lugar de instalar multitud de programas en un mismo entorno operativo.<\/p>\n<p style=\"text-align: justify;\">Por ello tenemos creados los asistentes de virtualizaci\u00f3n Matromu, Matromus y ctctl.<\/p>\n<p><img loading=\"lazy\" decoding=\"async\" class=\"aligncenter size-medium wp-image-661\" src=\"https:\/\/www.somtecnologia.com\/pro\/wp-content\/uploads\/2025\/01\/vm1-300x276.png\" alt=\"\" width=\"300\" height=\"276\" srcset=\"https:\/\/www.somtecnologia.com\/pro\/wp-content\/uploads\/2025\/01\/vm1-300x276.png 300w, https:\/\/www.somtecnologia.com\/pro\/wp-content\/uploads\/2025\/01\/vm1.png 558w\" sizes=\"auto, (max-width: 300px) 100vw, 300px\" \/><\/p>\n","protected":false},"excerpt":{"rendered":"<p>Hay todo tipo de niveles de virtualizaci\u00f3n; desde una carpeta que enjaula a un programa como si fuera la ra\u00edz de todo, hasta una asignaci\u00f3n de procesador, memoria y dispositivos para proporcionar todos los recursos de un ordenador real en forma de aplicaci\u00f3n. Nosotres usamos la virtualizaci\u00f3n \u00abcompleta\u00bb principalmente en tres escenarios: El aislamiento de &hellip; <a href=\"https:\/\/www.somtecnologia.com\/pro\/discover_es\/virtualizacion\" class=\"more-link\">Continue reading <span class=\"screen-reader-text\">Virtualizaci\u00f3n<\/span> <span class=\"meta-nav\">&rarr;<\/span><\/a><\/p>\n","protected":false},"author":1,"featured_media":0,"parent":165,"menu_order":10,"comment_status":"closed","ping_status":"closed","template":"","meta":{"iawp_total_views":1,"footnotes":"","_links_to":"","_links_to_target":""},"class_list":["post-638","page","type-page","status-publish","hentry"],"_links":{"self":[{"href":"https:\/\/www.somtecnologia.com\/pro\/wp-json\/wp\/v2\/pages\/638","targetHints":{"allow":["GET"]}}],"collection":[{"href":"https:\/\/www.somtecnologia.com\/pro\/wp-json\/wp\/v2\/pages"}],"about":[{"href":"https:\/\/www.somtecnologia.com\/pro\/wp-json\/wp\/v2\/types\/page"}],"author":[{"embeddable":true,"href":"https:\/\/www.somtecnologia.com\/pro\/wp-json\/wp\/v2\/users\/1"}],"replies":[{"embeddable":true,"href":"https:\/\/www.somtecnologia.com\/pro\/wp-json\/wp\/v2\/comments?post=638"}],"version-history":[{"count":5,"href":"https:\/\/www.somtecnologia.com\/pro\/wp-json\/wp\/v2\/pages\/638\/revisions"}],"predecessor-version":[{"id":663,"href":"https:\/\/www.somtecnologia.com\/pro\/wp-json\/wp\/v2\/pages\/638\/revisions\/663"}],"up":[{"embeddable":true,"href":"https:\/\/www.somtecnologia.com\/pro\/wp-json\/wp\/v2\/pages\/165"}],"wp:attachment":[{"href":"https:\/\/www.somtecnologia.com\/pro\/wp-json\/wp\/v2\/media?parent=638"}],"curies":[{"name":"wp","href":"https:\/\/api.w.org\/{rel}","templated":true}]}}