{"id":588,"date":"2024-12-24T15:50:02","date_gmt":"2024-12-24T15:50:02","guid":{"rendered":"https:\/\/www.somtecnologia.com\/pro\/?page_id=588"},"modified":"2024-12-24T15:52:21","modified_gmt":"2024-12-24T15:52:21","slug":"formacion","status":"publish","type":"page","link":"https:\/\/www.somtecnologia.com\/pro\/professional-services_es\/formacion","title":{"rendered":"Formaci\u00f3n"},"content":{"rendered":"<h2 style=\"text-align: justify;\">Shell Script 1<\/h2>\n<p style=\"text-align: justify;\">Se forma para desarrollar programas en el lenguaje incluido en la pr\u00e1ctica totalidad de los sistemas de tipo UNIX, como es GNU\/Linux.<\/p>\n<p style=\"text-align: justify;\">El lenguaje se usa por programaci\u00f3n imperativa o por procedimientos, como una secuencia claramente definida de instrucciones para el dispositivo, lo que conforma un algoritmo. No deja de ser un lenguaje interpretado y de alto nivel.<\/p>\n<p style=\"text-align: justify;\">El lenguaje puede ser el m\u00e1s adecuado para tareas especializadas y de m\u00e1xima portabilidad, y poco adecuado para grandes proyectos de software o de interacci\u00f3n gr\u00e1fica.<\/p>\n<ul style=\"text-align: justify;\">\n<li><a href=\"https:\/\/www.somtecnologia.com\/es\/formacion\/shell-script-1\">Ficha completa y opciones de inscripci\u00f3n<\/a><\/li>\n<\/ul>\n<p style=\"text-align: justify;\">\n","protected":false},"excerpt":{"rendered":"<p>Shell Script 1 Se forma para desarrollar programas en el lenguaje incluido en la pr\u00e1ctica totalidad de los sistemas de tipo UNIX, como es GNU\/Linux. El lenguaje se usa por programaci\u00f3n imperativa o por procedimientos, como una secuencia claramente definida de instrucciones para el dispositivo, lo que conforma un algoritmo. No deja de ser un &hellip; <a href=\"https:\/\/www.somtecnologia.com\/pro\/professional-services_es\/formacion\" class=\"more-link\">Continue reading <span class=\"screen-reader-text\">Formaci\u00f3n<\/span> <span class=\"meta-nav\">&rarr;<\/span><\/a><\/p>\n","protected":false},"author":1,"featured_media":0,"parent":270,"menu_order":70,"comment_status":"closed","ping_status":"closed","template":"","meta":{"iawp_total_views":1,"footnotes":"","_links_to":"","_links_to_target":""},"class_list":["post-588","page","type-page","status-publish","hentry"],"_links":{"self":[{"href":"https:\/\/www.somtecnologia.com\/pro\/wp-json\/wp\/v2\/pages\/588","targetHints":{"allow":["GET"]}}],"collection":[{"href":"https:\/\/www.somtecnologia.com\/pro\/wp-json\/wp\/v2\/pages"}],"about":[{"href":"https:\/\/www.somtecnologia.com\/pro\/wp-json\/wp\/v2\/types\/page"}],"author":[{"embeddable":true,"href":"https:\/\/www.somtecnologia.com\/pro\/wp-json\/wp\/v2\/users\/1"}],"replies":[{"embeddable":true,"href":"https:\/\/www.somtecnologia.com\/pro\/wp-json\/wp\/v2\/comments?post=588"}],"version-history":[{"count":1,"href":"https:\/\/www.somtecnologia.com\/pro\/wp-json\/wp\/v2\/pages\/588\/revisions"}],"predecessor-version":[{"id":589,"href":"https:\/\/www.somtecnologia.com\/pro\/wp-json\/wp\/v2\/pages\/588\/revisions\/589"}],"up":[{"embeddable":true,"href":"https:\/\/www.somtecnologia.com\/pro\/wp-json\/wp\/v2\/pages\/270"}],"wp:attachment":[{"href":"https:\/\/www.somtecnologia.com\/pro\/wp-json\/wp\/v2\/media?parent=588"}],"curies":[{"name":"wp","href":"https:\/\/api.w.org\/{rel}","templated":true}]}}