{"id":450,"date":"2014-12-09T12:22:36","date_gmt":"2014-12-09T12:22:36","guid":{"rendered":"https:\/\/www.somtecnologia.com\/pro\/?page_id=450"},"modified":"2025-01-20T16:51:28","modified_gmt":"2025-01-20T16:51:28","slug":"employment_ca","status":"publish","type":"page","link":"https:\/\/www.somtecnologia.com\/pro\/benefits_ca\/employment_ca","title":{"rendered":"Treball"},"content":{"rendered":"<h1>El programari lliure fomenta l\u2019ocupaci\u00f3 laboral<\/h1>\n<p>El programari privatiu t\u00e9 alguns desavantatges per a l&#8217;economia de les persones:<\/p>\n<ul>\n<li style=\"text-align: justify;\">Les llic\u00e8ncies de programari inform\u00e0tic que no permeten la c\u00f2pia lliure s\u00f3n les qu\u00e8 es basen en qu\u00e8 el propietari del \u00abcopyright\u00bb rendibilitza indefinidament el dret a restringir-ne la distribuci\u00f3, imposar un preu, i d\u2019aquesta manera acabar cobrant uns diners que no tenen relaci\u00f3 amb el treball dedicat.<\/li>\n<li style=\"text-align: justify;\">Les llic\u00e8ncies de programari inform\u00e0tic que nom\u00e9s permeten fer modificacions o millores al propietari del \u00abcopyright\u00bb retenen una exclusiva que deixa <strong>en mans d\u2019uns pocs el dret al treball<\/strong> t\u00e8cnic sobre la inform\u00e0tica i, a la vegada que el desenvolupament i correcci\u00f3 de programes queda frenat, impedeix a multitud de personal t\u00e8cnic treballar en aquesta \u00e0rea.<\/li>\n<li style=\"text-align: justify;\">Els programes que restringeixen l\u2019\u00fas d\u2019una llic\u00e8ncia a una sola persona, un sol dispositiu, o un sol \u00e0mbit de la vida i el treball, frenen qualsevol activitat econ\u00f2mica, productiva i del desenvolupament de les persones.<\/li>\n<li style=\"text-align: justify;\">Fer que una persona o entitat hagi de pagar peri\u00f2dicament la llic\u00e8ncia d&#8217;\u00fas d&#8217;un programa inform\u00e0tic, fa que aquesta entitat disposi de menys diners per a dedicar-los a productes o serveis millor generadors d\u2019ocupaci\u00f3, com per exemple l&#8217;assist\u00e8ncia t\u00e8cnica i ensenyament inform\u00e0tic.<\/li>\n<li style=\"text-align: justify;\">Les llic\u00e8ncies que prohibeixen i censuren la investigaci\u00f3 sobre el disseny dels programes inform\u00e0tics capen totalment la possibilitat d\u2019oferir un bon suport t\u00e8cnic als usuaris i corporacions, donat que nom\u00e9s el propietari del \u00abcopyright\u00bb coneix els defectes, virtuts i remeis pel producte. A m\u00e9s a m\u00e9s, restringeixen <strong>l\u2019aprenentatge inform\u00e0tic d\u2019estudiants i usu\u00e0ries de la inform\u00e0tica en general<\/strong>.<\/li>\n<li style=\"text-align: justify;\">Les llic\u00e8ncies que prohibeixen la modificaci\u00f3 d\u2019un programa impedeixen l\u2019adaptaci\u00f3 a les necessitats de cada persona i cada corporaci\u00f3 per part de ning\u00fa que no sigui el propietari del \u00abcopyright\u00bb. Si el propietari \u00e9s dels Estats Units d\u2019Am\u00e8rica o del Jap\u00f3, cap petita empresa o entitat pot aspirar a qu\u00e8 un professional local li faci les adaptacions i arranjaments per a treballar a gust i amb tranquil\u00b7litat.<\/li>\n<\/ul>\n","protected":false},"excerpt":{"rendered":"<p>El programari lliure fomenta l\u2019ocupaci\u00f3 laboral El programari privatiu t\u00e9 alguns desavantatges per a l&#8217;economia de les persones: Les llic\u00e8ncies de programari inform\u00e0tic que no permeten la c\u00f2pia lliure s\u00f3n les qu\u00e8 es basen en qu\u00e8 el propietari del \u00abcopyright\u00bb rendibilitza indefinidament el dret a restringir-ne la distribuci\u00f3, imposar un preu, i d\u2019aquesta manera acabar &hellip; <a href=\"https:\/\/www.somtecnologia.com\/pro\/benefits_ca\/employment_ca\" class=\"more-link\">Continue reading <span class=\"screen-reader-text\">Treball<\/span> <span class=\"meta-nav\">&rarr;<\/span><\/a><\/p>\n","protected":false},"author":1,"featured_media":0,"parent":444,"menu_order":10,"comment_status":"closed","ping_status":"closed","template":"","meta":{"iawp_total_views":0,"footnotes":"","_links_to":"","_links_to_target":""},"class_list":["post-450","page","type-page","status-publish","hentry"],"_links":{"self":[{"href":"https:\/\/www.somtecnologia.com\/pro\/wp-json\/wp\/v2\/pages\/450","targetHints":{"allow":["GET"]}}],"collection":[{"href":"https:\/\/www.somtecnologia.com\/pro\/wp-json\/wp\/v2\/pages"}],"about":[{"href":"https:\/\/www.somtecnologia.com\/pro\/wp-json\/wp\/v2\/types\/page"}],"author":[{"embeddable":true,"href":"https:\/\/www.somtecnologia.com\/pro\/wp-json\/wp\/v2\/users\/1"}],"replies":[{"embeddable":true,"href":"https:\/\/www.somtecnologia.com\/pro\/wp-json\/wp\/v2\/comments?post=450"}],"version-history":[{"count":8,"href":"https:\/\/www.somtecnologia.com\/pro\/wp-json\/wp\/v2\/pages\/450\/revisions"}],"predecessor-version":[{"id":834,"href":"https:\/\/www.somtecnologia.com\/pro\/wp-json\/wp\/v2\/pages\/450\/revisions\/834"}],"up":[{"embeddable":true,"href":"https:\/\/www.somtecnologia.com\/pro\/wp-json\/wp\/v2\/pages\/444"}],"wp:attachment":[{"href":"https:\/\/www.somtecnologia.com\/pro\/wp-json\/wp\/v2\/media?parent=450"}],"curies":[{"name":"wp","href":"https:\/\/api.w.org\/{rel}","templated":true}]}}