{"id":298,"date":"2014-10-26T16:35:25","date_gmt":"2014-10-24T11:50:59","guid":{"rendered":"http:\/\/www.actiu.net\/wptemplate\/?page_id=298"},"modified":"2014-10-30T12:48:54","modified_gmt":"2014-10-30T12:48:54","slug":"hosted-services_ca","status":"publish","type":"page","link":"https:\/\/www.somtecnologia.com\/pro\/professional-services_ca\/hosted-services_ca","title":{"rendered":"Serveis allotjats"},"content":{"rendered":"<p style=\"text-align: justify;\">Aquest programari est\u00e0 preparat per ser utilitzat en un entorn normalitzat sense cap depend\u00e8ncia requerida dels servidors del projecte o qualsevol altra tercera part. Els serveis allotjats poden ser \u00fatils per no haver de mantenir un entorn de funcionament i no implementar equips propis per fer funcionar el programari.<\/p>\n<ul>\n<li style=\"text-align: justify;\"><a title=\"Lloc web principal\" href=\"http:\/\/www.actiu.net\/contact\/\">Actiu informatica<\/a> ofereix recursos de servidor per fer funcionar aquest programari, i tamb\u00e9 ven equips preinstal\u00b7lats. Contacteu A.I. per demanar preus i recomanacions per les vostres dimensions de treball.<\/li>\n<\/ul>\n","protected":false},"excerpt":{"rendered":"<p>Aquest programari est\u00e0 preparat per ser utilitzat en un entorn normalitzat sense cap depend\u00e8ncia requerida dels servidors del projecte o qualsevol altra tercera part. Els serveis allotjats poden ser \u00fatils per no haver de mantenir un entorn de funcionament i no implementar equips propis per fer funcionar el programari. Actiu informatica ofereix recursos de servidor &hellip; <a href=\"https:\/\/www.somtecnologia.com\/pro\/professional-services_ca\/hosted-services_ca\" class=\"more-link\">Continue reading <span class=\"screen-reader-text\">Serveis allotjats<\/span> <span class=\"meta-nav\">&rarr;<\/span><\/a><\/p>\n","protected":false},"author":1,"featured_media":0,"parent":268,"menu_order":60,"comment_status":"closed","ping_status":"closed","template":"","meta":{"iawp_total_views":0,"footnotes":"","_links_to":"","_links_to_target":""},"class_list":["post-298","page","type-page","status-publish","hentry"],"_links":{"self":[{"href":"https:\/\/www.somtecnologia.com\/pro\/wp-json\/wp\/v2\/pages\/298","targetHints":{"allow":["GET"]}}],"collection":[{"href":"https:\/\/www.somtecnologia.com\/pro\/wp-json\/wp\/v2\/pages"}],"about":[{"href":"https:\/\/www.somtecnologia.com\/pro\/wp-json\/wp\/v2\/types\/page"}],"author":[{"embeddable":true,"href":"https:\/\/www.somtecnologia.com\/pro\/wp-json\/wp\/v2\/users\/1"}],"replies":[{"embeddable":true,"href":"https:\/\/www.somtecnologia.com\/pro\/wp-json\/wp\/v2\/comments?post=298"}],"version-history":[{"count":2,"href":"https:\/\/www.somtecnologia.com\/pro\/wp-json\/wp\/v2\/pages\/298\/revisions"}],"predecessor-version":[{"id":368,"href":"https:\/\/www.somtecnologia.com\/pro\/wp-json\/wp\/v2\/pages\/298\/revisions\/368"}],"up":[{"embeddable":true,"href":"https:\/\/www.somtecnologia.com\/pro\/wp-json\/wp\/v2\/pages\/268"}],"wp:attachment":[{"href":"https:\/\/www.somtecnologia.com\/pro\/wp-json\/wp\/v2\/media?parent=298"}],"curies":[{"name":"wp","href":"https:\/\/api.w.org\/{rel}","templated":true}]}}