{"id":296,"date":"2014-10-26T16:27:37","date_gmt":"2014-10-24T11:50:22","guid":{"rendered":"http:\/\/www.actiu.net\/wptemplate\/?page_id=296"},"modified":"2014-10-30T12:49:53","modified_gmt":"2014-10-30T12:49:53","slug":"adapt-and-enhance_es","status":"publish","type":"page","link":"https:\/\/www.somtecnologia.com\/pro\/professional-services_es\/adapt-and-enhance_es","title":{"rendered":"Adaptar y mejorar"},"content":{"rendered":"<p style=\"text-align: justify;\">El equipo del proyecto anima a contribuir en el proyecto con cualquier mejora de programaci\u00f3n. Esto hace el software mejor y da m\u00e1s oportunidades de incluir las contribuciones en las nuevas entregas de versi\u00f3n.<\/p>\n<ul>\n<li style=\"text-align: justify;\"><a title=\"Sitio web principal\" href=\"http:\/\/www.actiu.net\/contact\/\">Actiu informatica<\/a> ofrece trabajar en el c\u00f3digo fuente de este software. Contacte A.I. para pedir precios y posibilidades de modificaci\u00f3n.<\/li>\n<\/ul>\n","protected":false},"excerpt":{"rendered":"<p>El equipo del proyecto anima a contribuir en el proyecto con cualquier mejora de programaci\u00f3n. Esto hace el software mejor y da m\u00e1s oportunidades de incluir las contribuciones en las nuevas entregas de versi\u00f3n. Actiu informatica ofrece trabajar en el c\u00f3digo fuente de este software. Contacte A.I. para pedir precios y posibilidades de modificaci\u00f3n.<\/p>\n","protected":false},"author":1,"featured_media":0,"parent":270,"menu_order":50,"comment_status":"closed","ping_status":"closed","template":"","meta":{"iawp_total_views":0,"footnotes":"","_links_to":"","_links_to_target":""},"class_list":["post-296","page","type-page","status-publish","hentry"],"_links":{"self":[{"href":"https:\/\/www.somtecnologia.com\/pro\/wp-json\/wp\/v2\/pages\/296","targetHints":{"allow":["GET"]}}],"collection":[{"href":"https:\/\/www.somtecnologia.com\/pro\/wp-json\/wp\/v2\/pages"}],"about":[{"href":"https:\/\/www.somtecnologia.com\/pro\/wp-json\/wp\/v2\/types\/page"}],"author":[{"embeddable":true,"href":"https:\/\/www.somtecnologia.com\/pro\/wp-json\/wp\/v2\/users\/1"}],"replies":[{"embeddable":true,"href":"https:\/\/www.somtecnologia.com\/pro\/wp-json\/wp\/v2\/comments?post=296"}],"version-history":[{"count":2,"href":"https:\/\/www.somtecnologia.com\/pro\/wp-json\/wp\/v2\/pages\/296\/revisions"}],"predecessor-version":[{"id":372,"href":"https:\/\/www.somtecnologia.com\/pro\/wp-json\/wp\/v2\/pages\/296\/revisions\/372"}],"up":[{"embeddable":true,"href":"https:\/\/www.somtecnologia.com\/pro\/wp-json\/wp\/v2\/pages\/270"}],"wp:attachment":[{"href":"https:\/\/www.somtecnologia.com\/pro\/wp-json\/wp\/v2\/media?parent=296"}],"curies":[{"name":"wp","href":"https:\/\/api.w.org\/{rel}","templated":true}]}}