{"id":293,"date":"2014-10-26T16:27:37","date_gmt":"2014-10-24T11:50:22","guid":{"rendered":"http:\/\/www.actiu.net\/wptemplate\/?page_id=293"},"modified":"2014-10-30T12:49:42","modified_gmt":"2014-10-30T12:49:42","slug":"adapt-and-enhance_ca","status":"publish","type":"page","link":"https:\/\/www.somtecnologia.com\/pro\/professional-services_ca\/adapt-and-enhance_ca","title":{"rendered":"Adaptar i millorar"},"content":{"rendered":"<p style=\"text-align: justify;\">L&#8217;equip del projecte anima a contribu\u00efr en el projecte amb qualsevol millora de programaci\u00f3. Aix\u00f2 fa el programari millor i d\u00f3na m\u00e9s oportunitats d&#8217;incloure les contribucions a les noves entregues de versi\u00f3.<\/p>\n<ul>\n<li style=\"text-align: justify;\"><a title=\"Lloc web principal\" href=\"http:\/\/www.actiu.net\/contact\/\">Actiu informatica<\/a> ofereix treballar en el codi font d&#8217;aquest programari. Contacteu A.I. per demanar preus i possibilitats de modificaci\u00f3.<\/li>\n<\/ul>\n","protected":false},"excerpt":{"rendered":"<p>L&#8217;equip del projecte anima a contribu\u00efr en el projecte amb qualsevol millora de programaci\u00f3. Aix\u00f2 fa el programari millor i d\u00f3na m\u00e9s oportunitats d&#8217;incloure les contribucions a les noves entregues de versi\u00f3. Actiu informatica ofereix treballar en el codi font d&#8217;aquest programari. Contacteu A.I. per demanar preus i possibilitats de modificaci\u00f3.<\/p>\n","protected":false},"author":1,"featured_media":0,"parent":268,"menu_order":50,"comment_status":"closed","ping_status":"closed","template":"","meta":{"iawp_total_views":0,"footnotes":"","_links_to":"","_links_to_target":""},"class_list":["post-293","page","type-page","status-publish","hentry"],"_links":{"self":[{"href":"https:\/\/www.somtecnologia.com\/pro\/wp-json\/wp\/v2\/pages\/293","targetHints":{"allow":["GET"]}}],"collection":[{"href":"https:\/\/www.somtecnologia.com\/pro\/wp-json\/wp\/v2\/pages"}],"about":[{"href":"https:\/\/www.somtecnologia.com\/pro\/wp-json\/wp\/v2\/types\/page"}],"author":[{"embeddable":true,"href":"https:\/\/www.somtecnologia.com\/pro\/wp-json\/wp\/v2\/users\/1"}],"replies":[{"embeddable":true,"href":"https:\/\/www.somtecnologia.com\/pro\/wp-json\/wp\/v2\/comments?post=293"}],"version-history":[{"count":2,"href":"https:\/\/www.somtecnologia.com\/pro\/wp-json\/wp\/v2\/pages\/293\/revisions"}],"predecessor-version":[{"id":371,"href":"https:\/\/www.somtecnologia.com\/pro\/wp-json\/wp\/v2\/pages\/293\/revisions\/371"}],"up":[{"embeddable":true,"href":"https:\/\/www.somtecnologia.com\/pro\/wp-json\/wp\/v2\/pages\/268"}],"wp:attachment":[{"href":"https:\/\/www.somtecnologia.com\/pro\/wp-json\/wp\/v2\/media?parent=293"}],"curies":[{"name":"wp","href":"https:\/\/api.w.org\/{rel}","templated":true}]}}