{"id":287,"date":"2014-10-26T16:14:15","date_gmt":"2014-10-24T11:48:32","guid":{"rendered":"http:\/\/www.actiu.net\/wptemplate\/?page_id=287"},"modified":"2014-10-30T12:51:20","modified_gmt":"2014-10-30T12:51:20","slug":"install-and-setup_es","status":"publish","type":"page","link":"https:\/\/www.somtecnologia.com\/pro\/professional-services_es\/install-and-setup_es","title":{"rendered":"Instalar y configurar"},"content":{"rendered":"<p style=\"text-align: justify;\">Los servicios de instalaci\u00f3n y configuraci\u00f3n le pueden ser de utilidad para tener el software funcionando sin necesitar conocimientos t\u00e9cnicos.<\/p>\n<ul>\n<li style=\"text-align: justify;\"><a title=\"Sitio web principal\" href=\"http:\/\/www.actiu.net\/contact\/\">Actiu informatica<\/a> ofrece servicio para instalar el software y\/o configurarlo para sus necesidades. Contacte A.I. para pedir precios.<\/li>\n<\/ul>\n","protected":false},"excerpt":{"rendered":"<p>Los servicios de instalaci\u00f3n y configuraci\u00f3n le pueden ser de utilidad para tener el software funcionando sin necesitar conocimientos t\u00e9cnicos. Actiu informatica ofrece servicio para instalar el software y\/o configurarlo para sus necesidades. Contacte A.I. para pedir precios.<\/p>\n","protected":false},"author":1,"featured_media":0,"parent":270,"menu_order":20,"comment_status":"closed","ping_status":"closed","template":"","meta":{"iawp_total_views":1,"footnotes":"","_links_to":"","_links_to_target":""},"class_list":["post-287","page","type-page","status-publish","hentry"],"_links":{"self":[{"href":"https:\/\/www.somtecnologia.com\/pro\/wp-json\/wp\/v2\/pages\/287","targetHints":{"allow":["GET"]}}],"collection":[{"href":"https:\/\/www.somtecnologia.com\/pro\/wp-json\/wp\/v2\/pages"}],"about":[{"href":"https:\/\/www.somtecnologia.com\/pro\/wp-json\/wp\/v2\/types\/page"}],"author":[{"embeddable":true,"href":"https:\/\/www.somtecnologia.com\/pro\/wp-json\/wp\/v2\/users\/1"}],"replies":[{"embeddable":true,"href":"https:\/\/www.somtecnologia.com\/pro\/wp-json\/wp\/v2\/comments?post=287"}],"version-history":[{"count":2,"href":"https:\/\/www.somtecnologia.com\/pro\/wp-json\/wp\/v2\/pages\/287\/revisions"}],"predecessor-version":[{"id":378,"href":"https:\/\/www.somtecnologia.com\/pro\/wp-json\/wp\/v2\/pages\/287\/revisions\/378"}],"up":[{"embeddable":true,"href":"https:\/\/www.somtecnologia.com\/pro\/wp-json\/wp\/v2\/pages\/270"}],"wp:attachment":[{"href":"https:\/\/www.somtecnologia.com\/pro\/wp-json\/wp\/v2\/media?parent=287"}],"curies":[{"name":"wp","href":"https:\/\/api.w.org\/{rel}","templated":true}]}}