{"id":232,"date":"2014-10-26T15:10:39","date_gmt":"2014-10-26T15:10:39","guid":{"rendered":"http:\/\/www.actiu.net\/wptemplate\/?page_id=232"},"modified":"2014-12-09T19:58:45","modified_gmt":"2014-12-09T19:58:45","slug":"develop-code_es","status":"publish","type":"page","link":"https:\/\/www.somtecnologia.com\/pro\/get-involved_es\/develop-code_es","title":{"rendered":"Organizaciones para las TIC"},"content":{"rendered":"<p style=\"text-align: justify;\">Puede contactar con el equipo por la <a href=\"..\/support_es\">herramienta de soporte<\/a> (<em>about the project<\/em>) y coordinar el nuevo c\u00f3digo a a\u00f1adir o cambiar para las siguientes versiones del software.<\/p>\n<p style=\"text-align: justify;\">Con el software recibir\u00e1 el c\u00f3digo fuente. Tambien en la <a href=\"..\/documentation_es\">documentaci\u00f3n<\/a> puede encontrar algunos detalles y comentarios sobre los flujos internos y la integraci\u00f3n de partes.<\/p>\n","protected":false},"excerpt":{"rendered":"<p>Puede contactar con el equipo por la herramienta de soporte (about the project) y coordinar el nuevo c\u00f3digo a a\u00f1adir o cambiar para las siguientes versiones del software. Con el software recibir\u00e1 el c\u00f3digo fuente. Tambien en la documentaci\u00f3n puede encontrar algunos detalles y comentarios sobre los flujos internos y la integraci\u00f3n de partes.<\/p>\n","protected":false},"author":1,"featured_media":0,"parent":205,"menu_order":50,"comment_status":"closed","ping_status":"closed","template":"","meta":{"iawp_total_views":0,"footnotes":"","_links_to":"","_links_to_target":""},"class_list":["post-232","page","type-page","status-publish","hentry"],"_links":{"self":[{"href":"https:\/\/www.somtecnologia.com\/pro\/wp-json\/wp\/v2\/pages\/232","targetHints":{"allow":["GET"]}}],"collection":[{"href":"https:\/\/www.somtecnologia.com\/pro\/wp-json\/wp\/v2\/pages"}],"about":[{"href":"https:\/\/www.somtecnologia.com\/pro\/wp-json\/wp\/v2\/types\/page"}],"author":[{"embeddable":true,"href":"https:\/\/www.somtecnologia.com\/pro\/wp-json\/wp\/v2\/users\/1"}],"replies":[{"embeddable":true,"href":"https:\/\/www.somtecnologia.com\/pro\/wp-json\/wp\/v2\/comments?post=232"}],"version-history":[{"count":3,"href":"https:\/\/www.somtecnologia.com\/pro\/wp-json\/wp\/v2\/pages\/232\/revisions"}],"predecessor-version":[{"id":513,"href":"https:\/\/www.somtecnologia.com\/pro\/wp-json\/wp\/v2\/pages\/232\/revisions\/513"}],"up":[{"embeddable":true,"href":"https:\/\/www.somtecnologia.com\/pro\/wp-json\/wp\/v2\/pages\/205"}],"wp:attachment":[{"href":"https:\/\/www.somtecnologia.com\/pro\/wp-json\/wp\/v2\/media?parent=232"}],"curies":[{"name":"wp","href":"https:\/\/api.w.org\/{rel}","templated":true}]}}