{"id":211,"date":"2014-10-26T14:47:09","date_gmt":"2014-10-26T14:44:38","guid":{"rendered":"http:\/\/www.actiu.net\/wptemplate\/?page_id=211"},"modified":"2014-12-10T10:09:21","modified_gmt":"2014-12-10T10:09:21","slug":"testing_ca","status":"publish","type":"page","link":"https:\/\/www.somtecnologia.com\/pro\/get-involved_ca\/testing_ca","title":{"rendered":"Maquinari compatible"},"content":{"rendered":"<p style=\"text-align: justify;\">Per a qu\u00e8 el programari sigui s\u00f2lid com una roca, aquest projecte necessita moltes comprovacions per diversos escenaris i necessitats finals.<\/p>\n<p style=\"text-align: justify;\">Podeu ajudar notificant problemes desde la vostra experi\u00e8ncia i noves propostes pel futur.<\/p>\n<p style=\"text-align: justify;\">Els informes d&#8217;error i peticions de caracter\u00edstiques es gestionen amb l&#8217;<a href=\"..\/support_ca\">eina de suport<\/a>.<\/p>\n<p style=\"text-align: justify;\">A la <a href=\"..\/documentation_ca\">documentaci\u00f3<\/a> podeu trobar diverses funcionalitats del programari a posar a prova i veure si funciona tot b\u00e9.<\/p>\n","protected":false},"excerpt":{"rendered":"<p>Per a qu\u00e8 el programari sigui s\u00f2lid com una roca, aquest projecte necessita moltes comprovacions per diversos escenaris i necessitats finals. Podeu ajudar notificant problemes desde la vostra experi\u00e8ncia i noves propostes pel futur. Els informes d&#8217;error i peticions de caracter\u00edstiques es gestionen amb l&#8217;eina de suport. A la documentaci\u00f3 podeu trobar diverses funcionalitats del &hellip; <a href=\"https:\/\/www.somtecnologia.com\/pro\/get-involved_ca\/testing_ca\" class=\"more-link\">Continue reading <span class=\"screen-reader-text\">Maquinari compatible<\/span> <span class=\"meta-nav\">&rarr;<\/span><\/a><\/p>\n","protected":false},"author":1,"featured_media":0,"parent":203,"menu_order":20,"comment_status":"closed","ping_status":"closed","template":"","meta":{"iawp_total_views":1,"footnotes":"","_links_to":"","_links_to_target":""},"class_list":["post-211","page","type-page","status-publish","hentry"],"_links":{"self":[{"href":"https:\/\/www.somtecnologia.com\/pro\/wp-json\/wp\/v2\/pages\/211","targetHints":{"allow":["GET"]}}],"collection":[{"href":"https:\/\/www.somtecnologia.com\/pro\/wp-json\/wp\/v2\/pages"}],"about":[{"href":"https:\/\/www.somtecnologia.com\/pro\/wp-json\/wp\/v2\/types\/page"}],"author":[{"embeddable":true,"href":"https:\/\/www.somtecnologia.com\/pro\/wp-json\/wp\/v2\/users\/1"}],"replies":[{"embeddable":true,"href":"https:\/\/www.somtecnologia.com\/pro\/wp-json\/wp\/v2\/comments?post=211"}],"version-history":[{"count":6,"href":"https:\/\/www.somtecnologia.com\/pro\/wp-json\/wp\/v2\/pages\/211\/revisions"}],"predecessor-version":[{"id":527,"href":"https:\/\/www.somtecnologia.com\/pro\/wp-json\/wp\/v2\/pages\/211\/revisions\/527"}],"up":[{"embeddable":true,"href":"https:\/\/www.somtecnologia.com\/pro\/wp-json\/wp\/v2\/pages\/203"}],"wp:attachment":[{"href":"https:\/\/www.somtecnologia.com\/pro\/wp-json\/wp\/v2\/media?parent=211"}],"curies":[{"name":"wp","href":"https:\/\/api.w.org\/{rel}","templated":true}]}}