{"id":209,"date":"2014-10-26T14:41:05","date_gmt":"2014-10-26T14:41:05","guid":{"rendered":"http:\/\/www.actiu.net\/wptemplate\/?page_id=209"},"modified":"2014-12-09T19:55:42","modified_gmt":"2014-12-09T19:55:42","slug":"documenting_es","status":"publish","type":"page","link":"https:\/\/www.somtecnologia.com\/pro\/get-involved_es\/documenting_es","title":{"rendered":"Ejemplos de software"},"content":{"rendered":"<p style=\"text-align: justify;\">Este proyecto necesita ser completamente documentado. Quiz\u00e1s quiera mejorar y ampliar contenidos de la documentaci\u00f3n, tales como:<\/p>\n<ul>\n<li style=\"text-align: justify;\">a diversos idiomas<\/li>\n<li style=\"text-align: justify;\">gu\u00edas paso a paso<\/li>\n<li style=\"text-align: justify;\">gu\u00edas de uso r\u00e1pido<\/li>\n<li style=\"text-align: justify;\">gu\u00edas de \u00abc\u00f3mo hacer\u00bb<\/li>\n<li style=\"text-align: justify;\">descripci\u00f3n de funciones<\/li>\n<li style=\"text-align: justify;\">ayudas a la instalaci\u00f3n, configuraci\u00f3n o administraci\u00f3n<\/li>\n<li style=\"text-align: justify;\">especificaciones para la programaci\u00f3n<\/li>\n<li style=\"text-align: justify;\">software y proyectos relacionados<\/li>\n<\/ul>\n<p style=\"text-align: justify;\">Nuestra documentaci\u00f3n est\u00e1 basada en una herramienta Wiki ([PENDING LINK wiki.actiu.net\/wptemplate]). Para escribir en el Wiki debe registrarse siguiendo <a title=\"Pasos para crear una cuenta\" href=\"http:\/\/www.actiu.net\/phpbb-register-mw_es.htm\">este procedimiento<\/a>.<\/p>\n","protected":false},"excerpt":{"rendered":"<p>Este proyecto necesita ser completamente documentado. Quiz\u00e1s quiera mejorar y ampliar contenidos de la documentaci\u00f3n, tales como: a diversos idiomas gu\u00edas paso a paso gu\u00edas de uso r\u00e1pido gu\u00edas de \u00abc\u00f3mo hacer\u00bb descripci\u00f3n de funciones ayudas a la instalaci\u00f3n, configuraci\u00f3n o administraci\u00f3n especificaciones para la programaci\u00f3n software y proyectos relacionados Nuestra documentaci\u00f3n est\u00e1 basada en &hellip; <a href=\"https:\/\/www.somtecnologia.com\/pro\/get-involved_es\/documenting_es\" class=\"more-link\">Continue reading <span class=\"screen-reader-text\">Ejemplos de software<\/span> <span class=\"meta-nav\">&rarr;<\/span><\/a><\/p>\n","protected":false},"author":1,"featured_media":0,"parent":205,"menu_order":10,"comment_status":"closed","ping_status":"closed","template":"","meta":{"iawp_total_views":0,"footnotes":"","_links_to":"","_links_to_target":""},"class_list":["post-209","page","type-page","status-publish","hentry"],"_links":{"self":[{"href":"https:\/\/www.somtecnologia.com\/pro\/wp-json\/wp\/v2\/pages\/209","targetHints":{"allow":["GET"]}}],"collection":[{"href":"https:\/\/www.somtecnologia.com\/pro\/wp-json\/wp\/v2\/pages"}],"about":[{"href":"https:\/\/www.somtecnologia.com\/pro\/wp-json\/wp\/v2\/types\/page"}],"author":[{"embeddable":true,"href":"https:\/\/www.somtecnologia.com\/pro\/wp-json\/wp\/v2\/users\/1"}],"replies":[{"embeddable":true,"href":"https:\/\/www.somtecnologia.com\/pro\/wp-json\/wp\/v2\/comments?post=209"}],"version-history":[{"count":5,"href":"https:\/\/www.somtecnologia.com\/pro\/wp-json\/wp\/v2\/pages\/209\/revisions"}],"predecessor-version":[{"id":508,"href":"https:\/\/www.somtecnologia.com\/pro\/wp-json\/wp\/v2\/pages\/209\/revisions\/508"}],"up":[{"embeddable":true,"href":"https:\/\/www.somtecnologia.com\/pro\/wp-json\/wp\/v2\/pages\/205"}],"wp:attachment":[{"href":"https:\/\/www.somtecnologia.com\/pro\/wp-json\/wp\/v2\/media?parent=209"}],"curies":[{"name":"wp","href":"https:\/\/api.w.org\/{rel}","templated":true}]}}