{"id":207,"date":"2014-10-26T14:41:05","date_gmt":"2014-10-26T14:37:51","guid":{"rendered":"http:\/\/www.actiu.net\/wptemplate\/?page_id=207"},"modified":"2014-12-09T19:55:30","modified_gmt":"2014-12-09T19:55:30","slug":"documenting_ca","status":"publish","type":"page","link":"https:\/\/www.somtecnologia.com\/pro\/get-involved_ca\/documenting_ca","title":{"rendered":"Exemples de programari"},"content":{"rendered":"<p style=\"text-align: justify;\">Aquest projecte necessita \u00e9sser completament documentat. Potser voleu millorar i ampliar continguts de la documentaci\u00f3, tals com:<\/p>\n<ul>\n<li style=\"text-align: justify;\">a diversos idiomes<\/li>\n<li style=\"text-align: justify;\">guies pas a pas<\/li>\n<li style=\"text-align: justify;\">guies d&#8217;\u00fas r\u00e0pid<\/li>\n<li style=\"text-align: justify;\">guies de \u00abcom fer\u00bb<\/li>\n<li style=\"text-align: justify;\">descripci\u00f3 de funcions<\/li>\n<li style=\"text-align: justify;\">ajudes a la instal\u00b7laci\u00f3, configuraci\u00f3 o administraci\u00f3<\/li>\n<li style=\"text-align: justify;\">especificacions per la programaci\u00f3<\/li>\n<li style=\"text-align: justify;\">programari i projectes relacionats<\/li>\n<\/ul>\n<p style=\"text-align: justify;\">La nostra documentaci\u00f3 est\u00e0 basada en una eina Wiki ([PENDING LINK wiki.actiu.net\/wptemplate]). Per escriure al Wiki us heu de registrar seguint <a title=\"Passes per a crear un compte\" href=\"http:\/\/www.actiu.net\/phpbb-register-mw_ca.htm\">aquest procediment<\/a>.<\/p>\n","protected":false},"excerpt":{"rendered":"<p>Aquest projecte necessita \u00e9sser completament documentat. Potser voleu millorar i ampliar continguts de la documentaci\u00f3, tals com: a diversos idiomes guies pas a pas guies d&#8217;\u00fas r\u00e0pid guies de \u00abcom fer\u00bb descripci\u00f3 de funcions ajudes a la instal\u00b7laci\u00f3, configuraci\u00f3 o administraci\u00f3 especificacions per la programaci\u00f3 programari i projectes relacionats La nostra documentaci\u00f3 est\u00e0 basada en &hellip; <a href=\"https:\/\/www.somtecnologia.com\/pro\/get-involved_ca\/documenting_ca\" class=\"more-link\">Continue reading <span class=\"screen-reader-text\">Exemples de programari<\/span> <span class=\"meta-nav\">&rarr;<\/span><\/a><\/p>\n","protected":false},"author":1,"featured_media":0,"parent":203,"menu_order":10,"comment_status":"closed","ping_status":"closed","template":"","meta":{"iawp_total_views":1,"footnotes":"","_links_to":"","_links_to_target":""},"class_list":["post-207","page","type-page","status-publish","hentry"],"_links":{"self":[{"href":"https:\/\/www.somtecnologia.com\/pro\/wp-json\/wp\/v2\/pages\/207","targetHints":{"allow":["GET"]}}],"collection":[{"href":"https:\/\/www.somtecnologia.com\/pro\/wp-json\/wp\/v2\/pages"}],"about":[{"href":"https:\/\/www.somtecnologia.com\/pro\/wp-json\/wp\/v2\/types\/page"}],"author":[{"embeddable":true,"href":"https:\/\/www.somtecnologia.com\/pro\/wp-json\/wp\/v2\/users\/1"}],"replies":[{"embeddable":true,"href":"https:\/\/www.somtecnologia.com\/pro\/wp-json\/wp\/v2\/comments?post=207"}],"version-history":[{"count":6,"href":"https:\/\/www.somtecnologia.com\/pro\/wp-json\/wp\/v2\/pages\/207\/revisions"}],"predecessor-version":[{"id":507,"href":"https:\/\/www.somtecnologia.com\/pro\/wp-json\/wp\/v2\/pages\/207\/revisions\/507"}],"up":[{"embeddable":true,"href":"https:\/\/www.somtecnologia.com\/pro\/wp-json\/wp\/v2\/pages\/203"}],"wp:attachment":[{"href":"https:\/\/www.somtecnologia.com\/pro\/wp-json\/wp\/v2\/media?parent=207"}],"curies":[{"name":"wp","href":"https:\/\/api.w.org\/{rel}","templated":true}]}}