{"id":193,"date":"2014-10-26T14:19:12","date_gmt":"2014-10-26T14:18:12","guid":{"rendered":"http:\/\/www.actiu.net\/wptemplate\/?page_id=193"},"modified":"2025-01-20T16:24:39","modified_gmt":"2025-01-20T16:24:39","slug":"faq_es","status":"publish","type":"page","link":"https:\/\/www.somtecnologia.com\/pro\/discover_es\/faq_es","title":{"rendered":"Respuestas a preguntas frecuentes (PP.FF.)"},"content":{"rendered":"<h2>\u00bfSe puede hacer lo mismo con software libre que con otros sistemas?<\/h2>\n<p style=\"text-align: justify;\">S\u00ed, y mucho m\u00e1s:<\/p>\n<ul>\n<li style=\"text-align: justify;\">Por la neutralidad tecnol\u00f3gica, es m\u00e1s compatible con el resto de tecnolog\u00eda, y entonces m\u00e1s vers\u00e1til<\/li>\n<li style=\"text-align: justify;\">Con el acceso que se da a su dise\u00f1o (c\u00f3digo fuente), tambi\u00e9n permite ser modificado para encajar mejor con tus necesidades, y ampliar prestaciones si se quiere<\/li>\n<\/ul>\n<h2 style=\"text-align: justify;\">\u00bfQu\u00e9 ocurre con el la pirater\u00eda?<\/h2>\n<p style=\"text-align: justify;\">El software privativo induce a infringir las condiciones legales establecidas por licencia:<\/p>\n<ul style=\"text-align: justify;\">\n<li>Cuando se restringe el derecho de copia, la gente acaba optando por no pagar la licencia y se descontrola la distribuci\u00f3n de versiones desprotegidas de los programas, a menudo infectadas por virus inform\u00e1ticos<\/li>\n<li>Cuando se restringe el acceso al dise\u00f1o (c\u00f3digo fuente) y a personalizar los programas, el reto para algunos programadores es modificarlos, a sacrificio de la calidad y falta de documentaci\u00f3n<\/li>\n<\/ul>\n<p style=\"text-align: justify;\"><strong>El Software Libre (<a href=\"https:\/\/es.wikipedia.org\/wiki\/Software_libre_y_de_c%C3%B3digo_abierto\" target=\"_blank\" rel=\"noopener\">FOSS<\/a>) no se copia ilegalmente:<\/strong><\/p>\n<ul>\n<li style=\"text-align: justify;\">Se refuerza la obtenci\u00f3n de las fuentes originales del proyecto, legalmente<\/li>\n<li style=\"text-align: justify;\">Se refuerza la comunicaci\u00f3n con los desarrolladores y entre la comunidad de usuarios y t\u00e9cnicos<\/li>\n<li style=\"text-align: justify;\">Se recompensa el trabajo de creaci\u00f3n y de los servicios t\u00e9cnicos, por encima de la especulaci\u00f3n de las copias o m\u00e1rgenes comerciales injustificables<\/li>\n<\/ul>\n<h2>\u00bfPorqu\u00e9 el software libre no es el m\u00e1s extendido?<\/h2>\n<p style=\"text-align: justify;\">El capital especulativo dedica grandes esfuerzos a la publicidad. Aquello que no demuestra la calidad de sus propios m\u00e9ritos, necesita publicidad para atraer ventas. Esto implica menos visibilidad del Software Libre en el mundo medi\u00e1tico, que se financia con la publicidad y que influye sobre la cultura popular.<\/p>\n<p style=\"text-align: justify;\">El Software Libre no se basa en necesidades fabricadas para convencer al mercado, sino que es fruto del desarrollo de soluciones por encargo y de los mismos t\u00e9cnicos que cubren las necesidades reales, ya existentes.<\/p>\n<h2>\u00bfQu\u00e9 es Linux?<\/h2>\n<p style=\"text-align: justify;\">El nombre \u00abLinux\u00bb es de un componente b\u00e1sico de muchos sistemas operativos: El n\u00facleo o <em>Kernel<\/em>. Este n\u00facleo tiene licencia de Software Libre (GPL), pero con esto s\u00f3lo no tenemos todo un sistema operativo libre o una aplicaci\u00f3n libre.<\/p>\n<p style=\"text-align: justify;\"><strong>GNU\/Linux<\/strong> es una familia de sistemas operativos libres que incluyen el mismo n\u00facleo. GNU\/Hurd es de la misma familia, pero con un n\u00facleo libre alternativo.<\/p>\n<p style=\"text-align: justify;\">Android es un sistema operativo con Linux, pero fuera del n\u00facleo el resto es de car\u00e1cter muy restrictivo y no se puede considerar todo \u00e9l como un sistema libre, situaci\u00f3n debida a los acuerdos entre Google y los fabricantes de telefon\u00eda m\u00f3vil.<\/p>\n<p style=\"text-align: justify;\">Windows es un sistema operativo propiedad de Microsoft, privativo en todos los sentidos, igual que ocurre con\u00a0 Outlook o Microsoft Office.<\/p>\n<p style=\"text-align: justify;\">iOS y MacOS son sistemas operativos propiedad de Apple, privativos en todos los sentidos, que adem\u00e1s se distribuyen para aparatos dedicados como iPhone, iPad, iPod, Apple.<\/p>\n<h2>\u00bfPorqu\u00e9 no encontramos virus en GNU\/Linux?<\/h2>\n<p style=\"text-align: justify;\">Los sistemas GNU tienen organizados los permisos para todo aquello que se ejecuta y todo aquello que se almacena. Esto hace que, un virus inform\u00e1tico que llega por causa del usuario, s\u00f3lo llega all\u00ed a donde llega el mismo usuario con sus acciones, y no tiene permiso para modificar el software del sistema, mientras el propietario no lo haga expresamente.<\/p>\n<p style=\"text-align: justify;\">Por tanto, los virus inform\u00e1ticos no consiguen permisos para infectar ordenadores, no que sus programas le sean transmisores, y por tanto tampoco consiguen que las aplicaciones hagan cosas que el usuario no pide.<\/p>\n<p style=\"text-align: justify;\">Desde hace medio siglo los programadores y usuarios de sistemas basados en Unix\/BSD, como GNU, han considerado la seguridad como una prioridad, por lo que todo est\u00e1 heredado con un dise\u00f1o basado en la autenticidad de las fuentes del software y los permisos de acceso. Los dem\u00e1s sistemas deben imitar esta estrategia para aspirar a este nivel de fiabilidad.<\/p>\n<p style=\"text-align: justify;\">Los sistemas GNU\/Linux son los que se utilizan para servicios cr\u00edticos de las administraciones y las corporaciones, donde las medidas de protecci\u00f3n y estabilidad se toman m\u00e1s seriamente.<\/p>\n<p style=\"text-align: justify;\">Otros sistemas como Windows, padecen de un descontrol para el usuario que los fa especialmente atractivos para el desarrollo de virus, software malicioso o enga\u00f1os publicitarios.<\/p>\n","protected":false},"excerpt":{"rendered":"<p>\u00bfSe puede hacer lo mismo con software libre que con otros sistemas? S\u00ed, y mucho m\u00e1s: Por la neutralidad tecnol\u00f3gica, es m\u00e1s compatible con el resto de tecnolog\u00eda, y entonces m\u00e1s vers\u00e1til Con el acceso que se da a su dise\u00f1o (c\u00f3digo fuente), tambi\u00e9n permite ser modificado para encajar mejor con tus necesidades, y ampliar &hellip; <a href=\"https:\/\/www.somtecnologia.com\/pro\/discover_es\/faq_es\" class=\"more-link\">Continue reading <span class=\"screen-reader-text\">Respuestas a preguntas frecuentes (PP.FF.)<\/span> <span class=\"meta-nav\">&rarr;<\/span><\/a><\/p>\n","protected":false},"author":1,"featured_media":0,"parent":165,"menu_order":6,"comment_status":"closed","ping_status":"closed","template":"","meta":{"iawp_total_views":0,"footnotes":"","_links_to":"","_links_to_target":""},"class_list":["post-193","page","type-page","status-publish","hentry"],"_links":{"self":[{"href":"https:\/\/www.somtecnologia.com\/pro\/wp-json\/wp\/v2\/pages\/193","targetHints":{"allow":["GET"]}}],"collection":[{"href":"https:\/\/www.somtecnologia.com\/pro\/wp-json\/wp\/v2\/pages"}],"about":[{"href":"https:\/\/www.somtecnologia.com\/pro\/wp-json\/wp\/v2\/types\/page"}],"author":[{"embeddable":true,"href":"https:\/\/www.somtecnologia.com\/pro\/wp-json\/wp\/v2\/users\/1"}],"replies":[{"embeddable":true,"href":"https:\/\/www.somtecnologia.com\/pro\/wp-json\/wp\/v2\/comments?post=193"}],"version-history":[{"count":17,"href":"https:\/\/www.somtecnologia.com\/pro\/wp-json\/wp\/v2\/pages\/193\/revisions"}],"predecessor-version":[{"id":820,"href":"https:\/\/www.somtecnologia.com\/pro\/wp-json\/wp\/v2\/pages\/193\/revisions\/820"}],"up":[{"embeddable":true,"href":"https:\/\/www.somtecnologia.com\/pro\/wp-json\/wp\/v2\/pages\/165"}],"wp:attachment":[{"href":"https:\/\/www.somtecnologia.com\/pro\/wp-json\/wp\/v2\/media?parent=193"}],"curies":[{"name":"wp","href":"https:\/\/api.w.org\/{rel}","templated":true}]}}