{"id":191,"date":"2014-10-26T14:19:12","date_gmt":"2014-10-26T14:18:12","guid":{"rendered":"http:\/\/www.actiu.net\/wptemplate\/?page_id=191"},"modified":"2025-01-20T16:25:13","modified_gmt":"2025-01-20T16:25:13","slug":"faq_ca","status":"publish","type":"page","link":"https:\/\/www.somtecnologia.com\/pro\/discover_ca\/faq_ca","title":{"rendered":"Respostes a preguntes freq\u00fcents (PMF)"},"content":{"rendered":"<h2 style=\"text-align: justify;\">Es pot fer el mateix amb programari lliure que amb altres sistemes?<\/h2>\n<p style=\"text-align: justify;\">S\u00ed, i molt m\u00e9s:<\/p>\n<ul>\n<li style=\"text-align: justify;\">Per la neutralitat tecnol\u00f2gica, \u00e9s m\u00e9s compatible amb la resta de tecnologia, i aleshores m\u00e9s vers\u00e0til<\/li>\n<li style=\"text-align: justify;\">Amb l&#8217;acc\u00e9s que es d\u00f3na al seu disseny (codi font), tamb\u00e9 permet ser modificat per a encaixar millor amb les teves necessitats, i ampliar prestacions si es vol.<\/li>\n<\/ul>\n<h2 style=\"text-align: justify;\">Qu\u00e8 passa amb el pirateig?<\/h2>\n<p style=\"text-align: justify;\">El programari privatiu indueix a infringir les condicions legals establertes per llic\u00e8ncia:<\/p>\n<ul style=\"text-align: justify;\">\n<li>Quan es restringeix el dret de c\u00f2pia, la gent acaba optant per no pagar la llic\u00e8ncia i es descontrola la distribuci\u00f3 de versions desprotegides del programari, sovint infectades per virus inform\u00e0tics<\/li>\n<li>Quan es restringeix l&#8217;acc\u00e9s al disseny (codi font) i a personalitzar els programes, el repte per alguns programadors \u00e9s modificar-los, a sacrifici de la qualitat i a falta de documentaci\u00f3.<\/li>\n<\/ul>\n<p style=\"text-align: justify;\"><strong>El programari lliure (<a href=\"https:\/\/ca.wikipedia.org\/wiki\/FOSS\" target=\"_blank\" rel=\"noopener\">FOSS<\/a>) no es copia il\u00b7legalment:<\/strong><\/p>\n<ul>\n<li style=\"text-align: justify;\">Es refor\u00e7a l&#8217;obtenci\u00f3 de les fonts originals del projecte, legalment<\/li>\n<li style=\"text-align: justify;\">Es refor\u00e7a la comunicaci\u00f3 amb els desenvolupadors i entre la comunitat d&#8217;usuaris i t\u00e8cnics<\/li>\n<li style=\"text-align: justify;\">Es recompensa el treball de creaci\u00f3 i dels serveis t\u00e8cnics, per sobre de l&#8217;especulaci\u00f3 de les c\u00f2pies o marges comercials injustificables<\/li>\n<\/ul>\n<h2 style=\"text-align: justify;\">Perqu\u00e8 el programari lliure no es el m\u00e9s est\u00e8s?<\/h2>\n<p style=\"text-align: justify;\">El capital especulatiu dedica grans esfor\u00e7os a la publicitat. All\u00f2 que no demostra la qualitat pels seus propis m\u00e8rits, necessita publicitat per atraure vendes. Aix\u00f2 implica menys visibilitat del programari lliure al m\u00f3n medi\u00e0tic, que es financia amb la publicitat i que influeix la cultura popular.<\/p>\n<p style=\"text-align: justify;\">El programari lliure no es basa en necessitats fabricades per a conv\u00e8ncer el mercat, sin\u00f3 que \u00e9s fruit del desenvolupament de solucions per enc\u00e0rrec i dels mateixos t\u00e8cnics que cobreixen les necessitats reals, ja existents.<\/p>\n<h2>Qu\u00e8 \u00e9s Linux?<\/h2>\n<p style=\"text-align: justify;\">El nom \u00abLinux\u00bb \u00e9s d&#8217;un component b\u00e0sic de molts sistemes operatius: El nucli o <em>Kernel<\/em>. Aquest nucli t\u00e9 llic\u00e8ncia de programari lliure (GPL), per\u00f2 amb aix\u00f2 sol no tenim tot un sistema operatiu lliure o una aplicaci\u00f3 lliure.<\/p>\n<p style=\"text-align: justify;\"><strong>GNU\/Linux<\/strong> \u00e9s una fam\u00edlia de sistemes operatius lliures que inclouen el mateix nucli. GNU\/Hurd \u00e9s de la mateixa fam\u00edlia, per\u00f2 amb un nucli lliure alternatiu.<\/p>\n<p style=\"text-align: justify;\">Android \u00e9s un sistema operatiu amb Linux, per\u00f2 fora del nucli la resta \u00e9s de car\u00e0cter molt restrictiu i no es pot considerar tot plegat com un sistema lliure, situaci\u00f3 deguda als acords entre Google i els fabricants de telefonia m\u00f2bil.<\/p>\n<p style=\"text-align: justify;\">Windows \u00e9s un sistema operatiu propietat de Microsoft, privatiu en tots els sentits, igual com passa amb Outlook o Microsoft Office.<\/p>\n<p style=\"text-align: justify;\">iOS i MacOS s\u00f3n sistemes operatius propietat de Apple, privatius en tots els sentits, qu\u00e8 a m\u00e9s a m\u00e9s es distribueixen per a maquinari dedicat com iPhone, iPad, iPod, Apple.<\/p>\n<h2>Perqu\u00e8 no trobem virus a GNU\/Linux?<\/h2>\n<p style=\"text-align: justify;\">Els sistemes GNU tenen organitzats els permisos per a tot all\u00f2 que s&#8217;executa i tot all\u00f2 qu\u00e8 s&#8217;emmagatzema. Aix\u00f2 fa qu\u00e8, un virus inform\u00e0tic que arriba per causa de l&#8217;usuari, nom\u00e9s arriba all\u00e0 on arriba el mateix usuari amb les seves accions, i no t\u00e9 perm\u00eds per a modificar el programari del sistema, mentre el propietari no ho faci expressament.<\/p>\n<p style=\"text-align: justify;\">Per tant, els virus inform\u00e0tics no aconsegueixen permisos per a infectar ordinadors, ni qu\u00e8 els seus programes en siguin transmissors, i per tant tampoc no aconsegueixen qu\u00e8 les aplicacions facin coses qu\u00e8 l&#8217;usuari no demana.<\/p>\n<p style=\"text-align: justify;\">Des de fa mig segle els programadors i usuaris de sistemes basats en Unix\/BSD, com GNU, han considerat la seguretat com una prioritat, per la qual cosa tot est\u00e0 heretat amb un disseny basat en l&#8217;autenticitat de les fonts del programari i els permisos d&#8217;acc\u00e9s. Els dem\u00e9s sistemes han d&#8217;imitar aquesta estrat\u00e8gia per aspirar a aquest nivell de fiabilitat.<\/p>\n<p style=\"text-align: justify;\">Els sistemes GNU\/Linux s\u00f3n els qu\u00e8 s&#8217;utilitzen per a serveis cr\u00edtics de les administracions i les corporacions, on les mesures de protecci\u00f3 i estabilitat es prenen m\u00e9s seriosament.<\/p>\n<p style=\"text-align: justify;\">Altres sistemes com Windows, pateixen d&#8217;un descontrol per a l&#8217;usuari qu\u00e8 els fa especialment atractius per al desenvolupament de virus, programari malici\u00f3s o enganys publicitaris.<\/p>\n","protected":false},"excerpt":{"rendered":"<p>Es pot fer el mateix amb programari lliure que amb altres sistemes? S\u00ed, i molt m\u00e9s: Per la neutralitat tecnol\u00f2gica, \u00e9s m\u00e9s compatible amb la resta de tecnologia, i aleshores m\u00e9s vers\u00e0til Amb l&#8217;acc\u00e9s que es d\u00f3na al seu disseny (codi font), tamb\u00e9 permet ser modificat per a encaixar millor amb les teves necessitats, i &hellip; <a href=\"https:\/\/www.somtecnologia.com\/pro\/discover_ca\/faq_ca\" class=\"more-link\">Continue reading <span class=\"screen-reader-text\">Respostes a preguntes freq\u00fcents (PMF)<\/span> <span class=\"meta-nav\">&rarr;<\/span><\/a><\/p>\n","protected":false},"author":1,"featured_media":0,"parent":163,"menu_order":6,"comment_status":"closed","ping_status":"closed","template":"","meta":{"iawp_total_views":2,"footnotes":"","_links_to":"","_links_to_target":""},"class_list":["post-191","page","type-page","status-publish","hentry"],"_links":{"self":[{"href":"https:\/\/www.somtecnologia.com\/pro\/wp-json\/wp\/v2\/pages\/191","targetHints":{"allow":["GET"]}}],"collection":[{"href":"https:\/\/www.somtecnologia.com\/pro\/wp-json\/wp\/v2\/pages"}],"about":[{"href":"https:\/\/www.somtecnologia.com\/pro\/wp-json\/wp\/v2\/types\/page"}],"author":[{"embeddable":true,"href":"https:\/\/www.somtecnologia.com\/pro\/wp-json\/wp\/v2\/users\/1"}],"replies":[{"embeddable":true,"href":"https:\/\/www.somtecnologia.com\/pro\/wp-json\/wp\/v2\/comments?post=191"}],"version-history":[{"count":17,"href":"https:\/\/www.somtecnologia.com\/pro\/wp-json\/wp\/v2\/pages\/191\/revisions"}],"predecessor-version":[{"id":821,"href":"https:\/\/www.somtecnologia.com\/pro\/wp-json\/wp\/v2\/pages\/191\/revisions\/821"}],"up":[{"embeddable":true,"href":"https:\/\/www.somtecnologia.com\/pro\/wp-json\/wp\/v2\/pages\/163"}],"wp:attachment":[{"href":"https:\/\/www.somtecnologia.com\/pro\/wp-json\/wp\/v2\/media?parent=191"}],"curies":[{"name":"wp","href":"https:\/\/api.w.org\/{rel}","templated":true}]}}