{"id":180,"date":"2014-10-26T14:14:02","date_gmt":"2014-10-26T13:55:32","guid":{"rendered":"http:\/\/www.actiu.net\/wptemplate\/?page_id=180"},"modified":"2025-01-16T09:15:15","modified_gmt":"2025-01-16T09:15:15","slug":"licenses_ca","status":"publish","type":"page","link":"https:\/\/www.somtecnologia.com\/pro\/discover_ca\/licenses_ca","title":{"rendered":"Llic\u00e8ncies"},"content":{"rendered":"<h2>Programari propi o participat<\/h2>\n<p style=\"text-align: justify;\">La pr\u00e0ctica totalitat de programari produ\u00eft i participat per Som Tecnologia es distribueix sota una Llic\u00e8ncia P\u00fablica General de GNU publicada per la <em>Free Software Foundation<\/em>.<\/p>\n<p style=\"text-align: justify;\">Aix\u00f2 implica qu\u00e8 podeu redistribuir els programes i\/o modificar-los sota els mateixos termes.<\/p>\n<p style=\"text-align: justify;\">El programari lliure es distribu\u00efx amb l&#8217;esperan\u00e7a que sigui \u00fatil, per\u00f2 sense cap garantia tenint en compte que \u00e9s <strong>auditable<\/strong> inspeccionant el seu disseny (codi font que s&#8217;entrega).<\/p>\n<p style=\"text-align: justify;\">Podeu consultar detalls de les llic\u00e8ncies de tipus GPL i traduccions a <a title=\"Textos oficials de les llic\u00e8ncies\" href=\"http:\/\/www.gnu.org\/licenses\/\">www.gnu.org\/licenses<\/a><\/p>\n<h2>Programari redistribuit<\/h2>\n<p style=\"text-align: justify;\">La quasi totalitat de <em>software<\/em> qu\u00e8 seleccionem per a la distribuci\u00f3 i instal\u00b7laci\u00f3 \u00e9s <a href=\"https:\/\/www.gnu.org\/licenses\/license-list.html\" target=\"_blank\" rel=\"noopener\">programari lliure<\/a>, i les excepcions compleixen de la mateixa forma amb les condicions de llic\u00e8ncia originals, que solen donar-se per petici\u00f3 de l&#8217;usuari o client.<\/p>\n<p style=\"text-align: justify;\">Tots els serveis telem\u00e0tics de Som Tecnologia es basen en el programari lliure i protocols neutrals que funcionen als nostres servidors.<\/p>\n","protected":false},"excerpt":{"rendered":"<p>Programari propi o participat La pr\u00e0ctica totalitat de programari produ\u00eft i participat per Som Tecnologia es distribueix sota una Llic\u00e8ncia P\u00fablica General de GNU publicada per la Free Software Foundation. Aix\u00f2 implica qu\u00e8 podeu redistribuir els programes i\/o modificar-los sota els mateixos termes. El programari lliure es distribu\u00efx amb l&#8217;esperan\u00e7a que sigui \u00fatil, per\u00f2 sense &hellip; <a href=\"https:\/\/www.somtecnologia.com\/pro\/discover_ca\/licenses_ca\" class=\"more-link\">Continue reading <span class=\"screen-reader-text\">Llic\u00e8ncies<\/span> <span class=\"meta-nav\">&rarr;<\/span><\/a><\/p>\n","protected":false},"author":1,"featured_media":0,"parent":163,"menu_order":60,"comment_status":"closed","ping_status":"closed","template":"","meta":{"iawp_total_views":0,"footnotes":"","_links_to":"","_links_to_target":""},"class_list":["post-180","page","type-page","status-publish","hentry"],"_links":{"self":[{"href":"https:\/\/www.somtecnologia.com\/pro\/wp-json\/wp\/v2\/pages\/180","targetHints":{"allow":["GET"]}}],"collection":[{"href":"https:\/\/www.somtecnologia.com\/pro\/wp-json\/wp\/v2\/pages"}],"about":[{"href":"https:\/\/www.somtecnologia.com\/pro\/wp-json\/wp\/v2\/types\/page"}],"author":[{"embeddable":true,"href":"https:\/\/www.somtecnologia.com\/pro\/wp-json\/wp\/v2\/users\/1"}],"replies":[{"embeddable":true,"href":"https:\/\/www.somtecnologia.com\/pro\/wp-json\/wp\/v2\/comments?post=180"}],"version-history":[{"count":14,"href":"https:\/\/www.somtecnologia.com\/pro\/wp-json\/wp\/v2\/pages\/180\/revisions"}],"predecessor-version":[{"id":766,"href":"https:\/\/www.somtecnologia.com\/pro\/wp-json\/wp\/v2\/pages\/180\/revisions\/766"}],"up":[{"embeddable":true,"href":"https:\/\/www.somtecnologia.com\/pro\/wp-json\/wp\/v2\/pages\/163"}],"wp:attachment":[{"href":"https:\/\/www.somtecnologia.com\/pro\/wp-json\/wp\/v2\/media?parent=180"}],"curies":[{"name":"wp","href":"https:\/\/api.w.org\/{rel}","templated":true}]}}