{"id":178,"date":"2014-10-26T12:10:10","date_gmt":"2014-10-24T11:29:05","guid":{"rendered":"http:\/\/www.actiu.net\/wptemplate\/?page_id=178"},"modified":"2025-01-16T16:29:54","modified_gmt":"2025-01-16T16:29:54","slug":"recommendations_es","status":"publish","type":"page","link":"https:\/\/www.somtecnologia.com\/pro\/discover_es\/recommendations_es","title":{"rendered":"Recomendaciones"},"content":{"rendered":"<h2 style=\"text-align: left;\">Cuando compre un aparato o accesorio<\/h2>\n<ul style=\"text-align: justify;\">\n<li>Agote la vida \u00fatil de todo aquello que ya tiene<\/li>\n<li>No espere a un desastre antes de prevenirlo y planificar soluciones<\/li>\n<li>Exija la compatibilidad con las tecnolog\u00edas ya existentes<\/li>\n<li>Exija la compatibilidad con otros aparatos<\/li>\n<li>Exija que el mantenimiento no dependa de una sola marca o proveedor posibles<\/li>\n<li>Valore que usted misma podr\u00eda realizar el mantenimiento, configurar o reprogramar sin infringir ninguna norma<\/li>\n<\/ul>\n<h2 style=\"text-align: justify;\">Cuando contrate un servicio<\/h2>\n<ul style=\"text-align: justify;\">\n<li>Exija que los protocolos sean neutrales y no restrictivos, incluyendo los formatos de la informaci\u00f3n<\/li>\n<li>Exija compatibilidad con otros proveedores, de manera que un cambio de proveedor no suponga cambiar software o las formas de trabajo<\/li>\n<li>Exija la posibilidad de ser usted quien aloja los datos y no depender de una \u00abnube\u00bb<\/li>\n<li>Exija que el servicio est\u00e9 alojado y prestado desde su misma jurisdicci\u00f3n, a efectos de la protecci\u00f3n de datos<\/li>\n<\/ul>\n<h2 style=\"text-align: justify;\">Cuando pida asistencia t\u00e9cnica<\/h2>\n<ul>\n<li style=\"text-align: justify;\">Exija el conocimiento de diferentes soluciones para un mismo problema; que no dependan de una sola marca<\/li>\n<li style=\"text-align: justify;\">Exija una explicaci\u00f3n comprensible de los problemas y las soluciones, siempre priorizando las necesidades que usted espone<\/li>\n<li style=\"text-align: justify;\">Exija el pleno cumplimiento de las condiciones de licencia, tanto en Software Libre como en software privativo<\/li>\n<li style=\"text-align: justify;\">De prioridad a las soluciones que sean auditables, incluyendo el Software Libre (<a href=\"https:\/\/es.wikipedia.org\/wiki\/Software_libre_y_de_c%C3%B3digo_abierto\" target=\"_blank\" rel=\"noopener\">FOSS<\/a>) y la <a href=\"https:\/\/es.wikipedia.org\/wiki\/Neutralidad_tecnol%C3%B3gica\" target=\"_blank\" rel=\"noopener\">neutralidad tecnol\u00f3gica<\/a>.<\/li>\n<\/ul>\n","protected":false},"excerpt":{"rendered":"<p>Cuando compre un aparato o accesorio Agote la vida \u00fatil de todo aquello que ya tiene No espere a un desastre antes de prevenirlo y planificar soluciones Exija la compatibilidad con las tecnolog\u00edas ya existentes Exija la compatibilidad con otros aparatos Exija que el mantenimiento no dependa de una sola marca o proveedor posibles Valore &hellip; <a href=\"https:\/\/www.somtecnologia.com\/pro\/discover_es\/recommendations_es\" class=\"more-link\">Continue reading <span class=\"screen-reader-text\">Recomendaciones<\/span> <span class=\"meta-nav\">&rarr;<\/span><\/a><\/p>\n","protected":false},"author":1,"featured_media":0,"parent":165,"menu_order":3,"comment_status":"closed","ping_status":"closed","template":"","meta":{"iawp_total_views":2,"footnotes":"","_links_to":"","_links_to_target":""},"class_list":["post-178","page","type-page","status-publish","hentry"],"_links":{"self":[{"href":"https:\/\/www.somtecnologia.com\/pro\/wp-json\/wp\/v2\/pages\/178","targetHints":{"allow":["GET"]}}],"collection":[{"href":"https:\/\/www.somtecnologia.com\/pro\/wp-json\/wp\/v2\/pages"}],"about":[{"href":"https:\/\/www.somtecnologia.com\/pro\/wp-json\/wp\/v2\/types\/page"}],"author":[{"embeddable":true,"href":"https:\/\/www.somtecnologia.com\/pro\/wp-json\/wp\/v2\/users\/1"}],"replies":[{"embeddable":true,"href":"https:\/\/www.somtecnologia.com\/pro\/wp-json\/wp\/v2\/comments?post=178"}],"version-history":[{"count":10,"href":"https:\/\/www.somtecnologia.com\/pro\/wp-json\/wp\/v2\/pages\/178\/revisions"}],"predecessor-version":[{"id":813,"href":"https:\/\/www.somtecnologia.com\/pro\/wp-json\/wp\/v2\/pages\/178\/revisions\/813"}],"up":[{"embeddable":true,"href":"https:\/\/www.somtecnologia.com\/pro\/wp-json\/wp\/v2\/pages\/165"}],"wp:attachment":[{"href":"https:\/\/www.somtecnologia.com\/pro\/wp-json\/wp\/v2\/media?parent=178"}],"curies":[{"name":"wp","href":"https:\/\/api.w.org\/{rel}","templated":true}]}}