{"id":168,"date":"2014-10-26T12:07:38","date_gmt":"2014-10-26T11:55:24","guid":{"rendered":"http:\/\/www.actiu.net\/wptemplate\/?page_id=168"},"modified":"2024-12-20T16:29:23","modified_gmt":"2024-12-20T16:29:23","slug":"about_ca","status":"publish","type":"page","link":"https:\/\/www.somtecnologia.com\/pro\/ca\/","title":{"rendered":"Visi\u00f3 general"},"content":{"rendered":"<h2 style=\"text-align: left;\">Dissenys oberts per una tecnologia \u00e0mplia<\/h2>\n<p style=\"text-align: justify;\"><img loading=\"lazy\" decoding=\"async\" class=\"alignnone size-full wp-image-537\" src=\"https:\/\/www.somtecnologia.com\/pro\/wp-content\/uploads\/2024\/12\/hw.png\" alt=\"\" width=\"300\" height=\"257\" \/><\/p>\n<p style=\"text-align: justify;\">La ind\u00fastria i les organitzacions necessiten solucions per tenir un control seri\u00f3s sobre els ordinadors i per oferir productes auditables i acreditats. El programari de codi obert \u00e9s la resposta sobre la fiabilitat, i el Programari Lliure (en la llibertat) \u00e9s la resposta sobre all\u00f2 innovador i fet a mida de manera compatible.<\/p>\n","protected":false},"excerpt":{"rendered":"<p>Dissenys oberts per una tecnologia \u00e0mplia La ind\u00fastria i les organitzacions necessiten solucions per tenir un control seri\u00f3s sobre els ordinadors i per oferir productes auditables i acreditats. El programari de codi obert \u00e9s la resposta sobre la fiabilitat, i el Programari Lliure (en la llibertat) \u00e9s la resposta sobre all\u00f2 innovador i fet a &hellip; <a href=\"https:\/\/www.somtecnologia.com\/pro\/ca\/\" class=\"more-link\">Continue reading <span class=\"screen-reader-text\">Visi\u00f3 general<\/span> <span class=\"meta-nav\">&rarr;<\/span><\/a><\/p>\n","protected":false},"author":1,"featured_media":0,"parent":163,"menu_order":1,"comment_status":"closed","ping_status":"closed","template":"","meta":{"iawp_total_views":6,"footnotes":"","_links_to":"","_links_to_target":""},"class_list":["post-168","page","type-page","status-publish","hentry"],"_links":{"self":[{"href":"https:\/\/www.somtecnologia.com\/pro\/wp-json\/wp\/v2\/pages\/168","targetHints":{"allow":["GET"]}}],"collection":[{"href":"https:\/\/www.somtecnologia.com\/pro\/wp-json\/wp\/v2\/pages"}],"about":[{"href":"https:\/\/www.somtecnologia.com\/pro\/wp-json\/wp\/v2\/types\/page"}],"author":[{"embeddable":true,"href":"https:\/\/www.somtecnologia.com\/pro\/wp-json\/wp\/v2\/users\/1"}],"replies":[{"embeddable":true,"href":"https:\/\/www.somtecnologia.com\/pro\/wp-json\/wp\/v2\/comments?post=168"}],"version-history":[{"count":7,"href":"https:\/\/www.somtecnologia.com\/pro\/wp-json\/wp\/v2\/pages\/168\/revisions"}],"predecessor-version":[{"id":538,"href":"https:\/\/www.somtecnologia.com\/pro\/wp-json\/wp\/v2\/pages\/168\/revisions\/538"}],"up":[{"embeddable":true,"href":"https:\/\/www.somtecnologia.com\/pro\/wp-json\/wp\/v2\/pages\/163"}],"wp:attachment":[{"href":"https:\/\/www.somtecnologia.com\/pro\/wp-json\/wp\/v2\/media?parent=168"}],"curies":[{"name":"wp","href":"https:\/\/api.w.org\/{rel}","templated":true}]}}